{"id":1070,"date":"2024-02-15T01:06:25","date_gmt":"2024-02-15T01:06:25","guid":{"rendered":"https:\/\/marblancsolar.com\/blog\/"},"modified":"2025-06-15T06:40:09","modified_gmt":"2025-06-15T06:40:09","slug":"blog","status":"publish","type":"page","link":"https:\/\/marblancsolar.com\/es\/blog\/","title":{"rendered":"Blog"},"content":{"rendered":"<section class=\"gb-container gb-container-e92ce807\">\n<div class=\"gb-container gb-container-371305cf\">\n<div class=\"gb-container gb-container-af6d521f\">\n\n<h2 class=\"gb-headline gb-headline-db5ed219 gb-headline-text\">Lee Nuestros \u00faltimos Art\u00edculos<\/h2>\n\n<\/div>\n\n<div class=\"gb-container gb-container-ea7effb2\">\n\n<p class=\"gb-headline gb-headline-429d01f6 gb-headline-text\">\u00bfTe interesa saber m\u00e1s sobre la energ\u00eda solar? En los siguientes art\u00edculos, compartimos nuestras \u00faltimas ideas para entender y maximizar tus ahorros con paneles solares. Si tienes alguna pregunta, puedes <a href=\"https:\/\/marblancsolar.com\/es\/contacto\/\" title=\"Contacto\">contactarnos<\/a> o solicitar un <a href=\"https:\/\/marblancsolar.com\/es\/estudio-solar-gratuito\/\" title=\"Estudio Solar Gratuito\">estudio solar gratuito<\/a>.<\/p>\n\n<\/div>\n<\/div>\n<\/section>\n\n<div class=\"gb-container gb-container-0ef2e187\">\n<div class=\"gb-container gb-container-48a7c540\">\n\n<h3 class=\"gb-headline gb-headline-c14f72cd gb-headline-text\">\u00daltimos Art\u00edculos<\/h3>\n\n<\/div>\n<\/div>\n\n<div class=\"gb-container gb-container-27d93a79\">\n<div class=\"gb-container gb-container-241dc8c4\">\n\n<div class=\"gb-grid-wrapper gb-grid-wrapper-5a66c4f7 gb-query-loop-wrapper\">\n<div class=\"gb-grid-column gb-grid-column-650cdda7 gb-query-loop-item post-6318 post type-post status-publish format-standard has-post-thumbnail hentry category-blog-es category-guia\"><div class=\"gb-container gb-container-650cdda7\">\n<figure class=\"gb-block-image gb-block-image-9d2b95a3\"><img loading=\"lazy\" decoding=\"async\" width=\"1801\" height=\"1200\" src=\"https:\/\/marblancsolar.com\/wp-content\/uploads\/2025\/11\/solar-installation-11-solar-panels-urbanizacion-riviera-del-sol-mijas-close-scaled.jpg?wsr\" class=\"gb-image-9d2b95a3\" alt=\"\" \/><\/figure>\n\n<h2 class=\"gb-headline gb-headline-c2397258 gb-headline-text\"><a href=\"https:\/\/marblancsolar.com\/es\/mijas-caso-exito-financiacion-sistema-solar\/\">C\u00f3mo un propietario de Mijas carga su VE \u00abgratis\u00bb con un acuerdo de financiaci\u00f3n solar<\/a><\/h2>\n\n<div class=\"gb-container gb-container-f1567b27\">\n<div class=\"gb-container gb-container-1ee92ed2\">\n<figure class=\"gb-block-image gb-block-image-409ccc41\"><img loading=\"lazy\" decoding=\"async\" src=\"https:\/\/marblancsolar.com\/wp-content\/uploads\/2025\/05\/Adam-Millington-150x150.jpg?wsr\" width=\"30\" height=\"30\" srcset=\"https:\/\/marblancsolar.com\/wp-content\/uploads\/2025\/05\/Adam-Millington-150x150.jpg?wsr 2x\" alt=\"Adam Millington\" class=\"avatar avatar-30 wp-user-avatar wp-user-avatar-30 alignnone photo gb-image-409ccc41\" \/><\/figure>\n<\/div>\n\n<div class=\"gb-container gb-container-3c22c750\">\n<div class=\"gb-headline gb-headline-403a241a gb-headline-text\"><a href=\"https:\/\/marblancsolar.com\/es\/author\/adam-millington\/\">Adam Millington<\/a><\/div>\n<\/div>\n<\/div>\n\n<p class=\"gb-headline gb-headline-8082861b gb-headline-text\"><time class=\"entry-date published\" datetime=\"2025-12-23T09:27:12+00:00\">23 de diciembre de 2025<\/time><\/p>\n\n<div class=\"gb-headline gb-headline-3f588a2c gb-headline-text\">Descubre c\u00f3mo un propietario de Mijas (Espa\u00f1a) cambi\u00f3 una factura el\u00e9ctrica de 208 euros por un acuerdo de financiaci\u00f3n de energ\u00eda solar, que le permiti\u00f3 cargar su coche el\u00e9ctrico \u00abgratis\u00bb.\n<\/div>\n<\/div><\/div>\n\n<div class=\"gb-grid-column gb-grid-column-650cdda7 gb-query-loop-item post-5563 post type-post status-publish format-standard has-post-thumbnail hentry category-blog-es category-guia\"><div class=\"gb-container gb-container-650cdda7\">\n<figure class=\"gb-block-image gb-block-image-9d2b95a3\"><img loading=\"lazy\" decoding=\"async\" width=\"1800\" height=\"1200\" src=\"https:\/\/marblancsolar.com\/wp-content\/uploads\/2025\/09\/solar-panel-installation-residential-villa-torreblanca-fuengirola-south-east.jpg?wsr\" class=\"gb-image-9d2b95a3\" alt=\"\" srcset=\"https:\/\/marblancsolar.com\/wp-content\/uploads\/2025\/09\/solar-panel-installation-residential-villa-torreblanca-fuengirola-south-east.jpg 1800w, https:\/\/marblancsolar.com\/wp-content\/uploads\/2025\/09\/solar-panel-installation-residential-villa-torreblanca-fuengirola-south-east-300x200.jpg 300w, https:\/\/marblancsolar.com\/wp-content\/uploads\/2025\/09\/solar-panel-installation-residential-villa-torreblanca-fuengirola-south-east-1024x683.jpg 1024w, https:\/\/marblancsolar.com\/wp-content\/uploads\/2025\/09\/solar-panel-installation-residential-villa-torreblanca-fuengirola-south-east-768x512.jpg 768w, https:\/\/marblancsolar.com\/wp-content\/uploads\/2025\/09\/solar-panel-installation-residential-villa-torreblanca-fuengirola-south-east-1536x1024.jpg 1536w\" sizes=\"auto, (max-width: 1800px) 100vw, 1800px\" \/><\/figure>\n\n<h2 class=\"gb-headline gb-headline-c2397258 gb-headline-text\"><a href=\"https:\/\/marblancsolar.com\/es\/ahorra-entre-un-20-50-incentivos-fiscales-por-instalar-paneles-solares-en-andalucia-espana\/\">Ahorra entre un 20-50% &#8211; Incentivos fiscales por instalar paneles solares en Andaluc\u00eda, Espa\u00f1a<\/a><\/h2>\n\n<div class=\"gb-container gb-container-f1567b27\">\n<div class=\"gb-container gb-container-1ee92ed2\">\n<figure class=\"gb-block-image gb-block-image-409ccc41\"><img loading=\"lazy\" decoding=\"async\" src=\"https:\/\/marblancsolar.com\/wp-content\/uploads\/2025\/05\/Roman-Mitchell-150x150.jpg?wsr\" width=\"30\" height=\"30\" srcset=\"https:\/\/marblancsolar.com\/wp-content\/uploads\/2025\/05\/Roman-Mitchell-150x150.jpg?wsr 2x\" alt=\"Roman Mitchell\" class=\"avatar avatar-30 wp-user-avatar wp-user-avatar-30 alignnone photo gb-image-409ccc41\" \/><\/figure>\n<\/div>\n\n<div class=\"gb-container gb-container-3c22c750\">\n<div class=\"gb-headline gb-headline-403a241a gb-headline-text\"><a href=\"https:\/\/marblancsolar.com\/es\/author\/roman-mitchell\/\">Roman Mitchell<\/a><\/div>\n<\/div>\n<\/div>\n\n<p class=\"gb-headline gb-headline-8082861b gb-headline-text\"><time class=\"entry-date published\" datetime=\"2025-09-17T10:45:17+00:00\">17 de septiembre de 2025<\/time><\/p>\n\n<div class=\"gb-headline gb-headline-3f588a2c gb-headline-text\">Conoce c\u00f3mo las reducciones por IRPF, IBI e ICIO pueden ayudarte a recuperar hasta el 50% de los costes de tu instalaci\u00f3n solar en Andaluc\u00eda.<\/div>\n<\/div><\/div>\n\n<div class=\"gb-grid-column gb-grid-column-650cdda7 gb-query-loop-item post-5579 post type-post status-publish format-standard has-post-thumbnail hentry category-blog-es category-guia\"><div class=\"gb-container gb-container-650cdda7\">\n<figure class=\"gb-block-image gb-block-image-9d2b95a3\"><img loading=\"lazy\" decoding=\"async\" width=\"1800\" height=\"1200\" src=\"https:\/\/marblancsolar.com\/wp-content\/uploads\/2025\/08\/solar-panel-installation-residential-finca-mijas-pueblo.jpg?wsr\" class=\"gb-image-9d2b95a3\" alt=\"\" srcset=\"https:\/\/marblancsolar.com\/wp-content\/uploads\/2025\/08\/solar-panel-installation-residential-finca-mijas-pueblo.jpg 1800w, https:\/\/marblancsolar.com\/wp-content\/uploads\/2025\/08\/solar-panel-installation-residential-finca-mijas-pueblo-300x200.jpg 300w, https:\/\/marblancsolar.com\/wp-content\/uploads\/2025\/08\/solar-panel-installation-residential-finca-mijas-pueblo-1024x683.jpg 1024w, https:\/\/marblancsolar.com\/wp-content\/uploads\/2025\/08\/solar-panel-installation-residential-finca-mijas-pueblo-768x512.jpg 768w, https:\/\/marblancsolar.com\/wp-content\/uploads\/2025\/08\/solar-panel-installation-residential-finca-mijas-pueblo-1536x1024.jpg 1536w\" sizes=\"auto, (max-width: 1800px) 100vw, 1800px\" \/><\/figure>\n\n<h2 class=\"gb-headline gb-headline-c2397258 gb-headline-text\"><a href=\"https:\/\/marblancsolar.com\/es\/costes-detallados-de-la-instalacion-de-paneles-solares-en-espana\/\">Costes detallados de la instalaci\u00f3n de paneles solares en Espa\u00f1a<\/a><\/h2>\n\n<div class=\"gb-container gb-container-f1567b27\">\n<div class=\"gb-container gb-container-1ee92ed2\">\n<figure class=\"gb-block-image gb-block-image-409ccc41\"><img loading=\"lazy\" decoding=\"async\" src=\"https:\/\/marblancsolar.com\/wp-content\/uploads\/2025\/05\/Roman-Mitchell-150x150.jpg?wsr\" width=\"30\" height=\"30\" srcset=\"https:\/\/marblancsolar.com\/wp-content\/uploads\/2025\/05\/Roman-Mitchell-150x150.jpg?wsr 2x\" alt=\"Roman Mitchell\" class=\"avatar avatar-30 wp-user-avatar wp-user-avatar-30 alignnone photo gb-image-409ccc41\" \/><\/figure>\n<\/div>\n\n<div class=\"gb-container gb-container-3c22c750\">\n<div class=\"gb-headline gb-headline-403a241a gb-headline-text\"><a href=\"https:\/\/marblancsolar.com\/es\/author\/roman-mitchell\/\">Roman Mitchell<\/a><\/div>\n<\/div>\n<\/div>\n\n<p class=\"gb-headline gb-headline-8082861b gb-headline-text\"><time class=\"entry-date published\" datetime=\"2025-08-27T21:09:13+00:00\">27 de agosto de 2025<\/time><\/p>\n\n<div class=\"gb-headline gb-headline-3f588a2c gb-headline-text\">Desglosamos los costes desglosados de la instalaci\u00f3n de paneles solares en Espa\u00f1a, bas\u00e1ndonos en presupuestos reales de energ\u00eda solar en 2025.  <\/div>\n<\/div><\/div>\n\n<div class=\"gb-grid-column gb-grid-column-650cdda7 gb-query-loop-item post-5564 post type-post status-publish format-standard has-post-thumbnail hentry category-guia\"><div class=\"gb-container gb-container-650cdda7\">\n<figure class=\"gb-block-image gb-block-image-9d2b95a3\"><img loading=\"lazy\" decoding=\"async\" width=\"1918\" height=\"1079\" src=\"https:\/\/marblancsolar.com\/wp-content\/uploads\/2025\/03\/image-1.jpg?wsr\" class=\"gb-image-9d2b95a3\" alt=\"Una moderna villa blanca con paneles solares en el tejado, piscina y zonas verdes de c\u00e9sped.\" srcset=\"https:\/\/marblancsolar.com\/wp-content\/uploads\/2025\/03\/image-1.jpg 1918w, https:\/\/marblancsolar.com\/wp-content\/uploads\/2025\/03\/image-1-300x169.jpg 300w, https:\/\/marblancsolar.com\/wp-content\/uploads\/2025\/03\/image-1-1024x576.jpg 1024w, https:\/\/marblancsolar.com\/wp-content\/uploads\/2025\/03\/image-1-768x432.jpg 768w, https:\/\/marblancsolar.com\/wp-content\/uploads\/2025\/03\/image-1-1536x864.jpg 1536w\" sizes=\"auto, (max-width: 1918px) 100vw, 1918px\" \/><\/figure>\n\n<h2 class=\"gb-headline gb-headline-c2397258 gb-headline-text\"><a href=\"https:\/\/marblancsolar.com\/es\/como-ayudamos-a-un-propietario-de-marbella-a-amortizar-en-6-meses-una-instalacion-solar\/\">C\u00f3mo ayudamos a un propietario de Marbella a amortizar en 6 meses una instalaci\u00f3n solar<\/a><\/h2>\n\n<div class=\"gb-container gb-container-f1567b27\">\n<div class=\"gb-container gb-container-1ee92ed2\">\n<figure class=\"gb-block-image gb-block-image-409ccc41\"><img loading=\"lazy\" decoding=\"async\" src=\"https:\/\/marblancsolar.com\/wp-content\/uploads\/2025\/05\/Pietro-Marchi-Marblanc-Solar-150x150.jpeg?wsr\" width=\"30\" height=\"30\" srcset=\"https:\/\/marblancsolar.com\/wp-content\/uploads\/2025\/05\/Pietro-Marchi-Marblanc-Solar-150x150.jpeg?wsr 2x\" alt=\"Pietro Marchi\" class=\"avatar avatar-30 wp-user-avatar wp-user-avatar-30 alignnone photo gb-image-409ccc41\" \/><\/figure>\n<\/div>\n\n<div class=\"gb-container gb-container-3c22c750\">\n<div class=\"gb-headline gb-headline-403a241a gb-headline-text\"><a href=\"https:\/\/marblancsolar.com\/es\/author\/pietro\/\">Pietro Marchi<\/a><\/div>\n<\/div>\n<\/div>\n\n<p class=\"gb-headline gb-headline-8082861b gb-headline-text\"><time class=\"entry-date published\" datetime=\"2025-06-27T11:58:45+00:00\">27 de junio de 2025<\/time><\/p>\n\n<div class=\"gb-headline gb-headline-3f588a2c gb-headline-text\">C\u00f3mo Marblanc Solar consigui\u00f3 que un propietario de Marbella alcanzara el umbral de rentabilidad en 8 meses, y c\u00f3mo calcular tu propio periodo de amortizaci\u00f3n con la energ\u00eda solar.<\/div>\n<\/div><\/div>\n\n<div class=\"gb-grid-column gb-grid-column-650cdda7 gb-query-loop-item post-4310 post type-post status-publish format-standard has-post-thumbnail hentry category-blog-es category-guia\"><div class=\"gb-container gb-container-650cdda7\">\n<figure class=\"gb-block-image gb-block-image-9d2b95a3\"><img loading=\"lazy\" decoding=\"async\" width=\"1800\" height=\"1200\" src=\"https:\/\/marblancsolar.com\/wp-content\/uploads\/2025\/06\/what-best-brand-solar-inverter-spain.png?wsr\" class=\"gb-image-9d2b95a3\" alt=\"Un hombre agachado, trabajando o inspeccionando un aparato blanco montado en la pared con tubos alrededor en una habitaci\u00f3n.\" srcset=\"https:\/\/marblancsolar.com\/wp-content\/uploads\/2025\/06\/what-best-brand-solar-inverter-spain.png 1800w, https:\/\/marblancsolar.com\/wp-content\/uploads\/2025\/06\/what-best-brand-solar-inverter-spain-300x200.png 300w, https:\/\/marblancsolar.com\/wp-content\/uploads\/2025\/06\/what-best-brand-solar-inverter-spain-1024x683.png 1024w, https:\/\/marblancsolar.com\/wp-content\/uploads\/2025\/06\/what-best-brand-solar-inverter-spain-768x512.png 768w, https:\/\/marblancsolar.com\/wp-content\/uploads\/2025\/06\/what-best-brand-solar-inverter-spain-1536x1024.png 1536w\" sizes=\"auto, (max-width: 1800px) 100vw, 1800px\" \/><\/figure>\n\n<h2 class=\"gb-headline gb-headline-c2397258 gb-headline-text\"><a href=\"https:\/\/marblancsolar.com\/es\/marca-mas-fiable-inversores-solares-espana\/\">\u00bfCu\u00e1l es la marca m\u00e1s fiable de inversores solares en Espa\u00f1a?<\/a><\/h2>\n\n<div class=\"gb-container gb-container-f1567b27\">\n<div class=\"gb-container gb-container-1ee92ed2\">\n<figure class=\"gb-block-image gb-block-image-409ccc41\"><img loading=\"lazy\" decoding=\"async\" src=\"https:\/\/marblancsolar.com\/wp-content\/uploads\/2025\/06\/Marc-Owens-Marblanc-150x150.jpeg?wsr\" width=\"30\" height=\"30\" srcset=\"https:\/\/marblancsolar.com\/wp-content\/uploads\/2025\/06\/Marc-Owens-Marblanc-150x150.jpeg?wsr 2x\" alt=\"Marc Owen\" class=\"avatar avatar-30 wp-user-avatar wp-user-avatar-30 alignnone photo gb-image-409ccc41\" \/><\/figure>\n<\/div>\n\n<div class=\"gb-container gb-container-3c22c750\">\n<div class=\"gb-headline gb-headline-403a241a gb-headline-text\"><a href=\"https:\/\/marblancsolar.com\/es\/author\/marc\/\">Marc Owen<\/a><\/div>\n<\/div>\n<\/div>\n\n<p class=\"gb-headline gb-headline-8082861b gb-headline-text\"><time class=\"entry-date published\" datetime=\"2025-06-08T11:55:28+00:00\">8 de junio de 2025<\/time><\/p>\n\n<div class=\"gb-headline gb-headline-3f588a2c gb-headline-text\">Descubre las ocho consideraciones clave a la hora de elegir un inversor solar en Espa\u00f1a, y por qu\u00e9 recomendamos Huawei.<\/div>\n<\/div><\/div>\n\n<div class=\"gb-grid-column gb-grid-column-650cdda7 gb-query-loop-item post-4317 post type-post status-publish format-standard has-post-thumbnail hentry category-blog-es category-guia\"><div class=\"gb-container gb-container-650cdda7\">\n<figure class=\"gb-block-image gb-block-image-9d2b95a3\"><img loading=\"lazy\" decoding=\"async\" width=\"1801\" height=\"1200\" src=\"https:\/\/marblancsolar.com\/wp-content\/uploads\/2025\/05\/Sizing-a-solar-system-in-Costa-del-Sol.jpg?wsr\" class=\"gb-image-9d2b95a3\" alt=\"Una moderna casa blanca con paneles solares en el tejado y una piscina en la azotea, rodeada de casas de estilo similar y c\u00e9sped verde.\" srcset=\"https:\/\/marblancsolar.com\/wp-content\/uploads\/2025\/05\/Sizing-a-solar-system-in-Costa-del-Sol.jpg 1801w, https:\/\/marblancsolar.com\/wp-content\/uploads\/2025\/05\/Sizing-a-solar-system-in-Costa-del-Sol-300x200.jpg 300w, https:\/\/marblancsolar.com\/wp-content\/uploads\/2025\/05\/Sizing-a-solar-system-in-Costa-del-Sol-1024x682.jpg 1024w, https:\/\/marblancsolar.com\/wp-content\/uploads\/2025\/05\/Sizing-a-solar-system-in-Costa-del-Sol-768x512.jpg 768w, https:\/\/marblancsolar.com\/wp-content\/uploads\/2025\/05\/Sizing-a-solar-system-in-Costa-del-Sol-1536x1023.jpg 1536w\" sizes=\"auto, (max-width: 1801px) 100vw, 1801px\" \/><\/figure>\n\n<h2 class=\"gb-headline gb-headline-c2397258 gb-headline-text\"><a href=\"https:\/\/marblancsolar.com\/es\/guia-3-pasos-dimensionar-instalacion-fotovoltaica-en-costa-del-sol\/\">Gu\u00eda en 3 pasos: Dimensionar una instalaci\u00f3n solar para ahorrar un 80% en la Costa del Sol<\/a><\/h2>\n\n<div class=\"gb-container gb-container-f1567b27\">\n<div class=\"gb-container gb-container-1ee92ed2\">\n<figure class=\"gb-block-image gb-block-image-409ccc41\"><img loading=\"lazy\" decoding=\"async\" src=\"https:\/\/marblancsolar.com\/wp-content\/uploads\/2025\/05\/Alan-Manning-Marblanc-Solar-150x150.jpeg?wsr\" width=\"30\" height=\"30\" srcset=\"https:\/\/marblancsolar.com\/wp-content\/uploads\/2025\/05\/Alan-Manning-Marblanc-Solar-150x150.jpeg?wsr 2x\" alt=\"Alan Manning\" class=\"avatar avatar-30 wp-user-avatar wp-user-avatar-30 alignnone photo gb-image-409ccc41\" \/><\/figure>\n<\/div>\n\n<div class=\"gb-container gb-container-3c22c750\">\n<div class=\"gb-headline gb-headline-403a241a gb-headline-text\"><a href=\"https:\/\/marblancsolar.com\/es\/author\/alan-manning\/\">Alan Manning<\/a><\/div>\n<\/div>\n<\/div>\n\n<p class=\"gb-headline gb-headline-8082861b gb-headline-text\"><time class=\"entry-date published\" datetime=\"2025-05-30T15:38:47+00:00\">30 de mayo de 2025<\/time><\/p>\n\n<div class=\"gb-headline gb-headline-3f588a2c gb-headline-text\">Una gu\u00eda en 3 pasos para dimensionar una instalaci\u00f3n solar que puede reducir tu factura anual de electricidad en un 80% en la Costa del Sol.<\/div>\n<\/div><\/div>\n\n<div class=\"gb-grid-column gb-grid-column-650cdda7 gb-query-loop-item post-4313 post type-post status-publish format-standard has-post-thumbnail hentry category-blog-es category-guia\"><div class=\"gb-container gb-container-650cdda7\">\n<figure class=\"gb-block-image gb-block-image-9d2b95a3\"><img loading=\"lazy\" decoding=\"async\" width=\"1800\" height=\"1200\" src=\"https:\/\/marblancsolar.com\/wp-content\/uploads\/2025\/05\/24-Solar-Panels-in-Mijas-Costa-1.jpg?wsr\" class=\"gb-image-9d2b95a3\" alt=\"Vista a\u00e9rea del tejado de una casa con paneles solares instalados en un lado y rodeada de vegetaci\u00f3n.\" srcset=\"https:\/\/marblancsolar.com\/wp-content\/uploads\/2025\/05\/24-Solar-Panels-in-Mijas-Costa-1.jpg 1800w, https:\/\/marblancsolar.com\/wp-content\/uploads\/2025\/05\/24-Solar-Panels-in-Mijas-Costa-1-300x200.jpg 300w, https:\/\/marblancsolar.com\/wp-content\/uploads\/2025\/05\/24-Solar-Panels-in-Mijas-Costa-1-1024x683.jpg 1024w, https:\/\/marblancsolar.com\/wp-content\/uploads\/2025\/05\/24-Solar-Panels-in-Mijas-Costa-1-768x512.jpg 768w, https:\/\/marblancsolar.com\/wp-content\/uploads\/2025\/05\/24-Solar-Panels-in-Mijas-Costa-1-1536x1024.jpg 1536w\" sizes=\"auto, (max-width: 1800px) 100vw, 1800px\" \/><\/figure>\n\n<h2 class=\"gb-headline gb-headline-c2397258 gb-headline-text\"><a href=\"https:\/\/marblancsolar.com\/es\/quieres-energia-solar-en-un-apagon-utiliza-un-backup-box\/\">\u00bfQuieres energ\u00eda solar en un apag\u00f3n? Utiliza una caja de seguridad<\/a><\/h2>\n\n<div class=\"gb-container gb-container-f1567b27\">\n<div class=\"gb-container gb-container-1ee92ed2\">\n<figure class=\"gb-block-image gb-block-image-409ccc41\"><img loading=\"lazy\" decoding=\"async\" src=\"https:\/\/marblancsolar.com\/wp-content\/uploads\/2025\/05\/Adam-Millington-150x150.jpg?wsr\" width=\"30\" height=\"30\" srcset=\"https:\/\/marblancsolar.com\/wp-content\/uploads\/2025\/05\/Adam-Millington-150x150.jpg?wsr 2x\" alt=\"Adam Millington\" class=\"avatar avatar-30 wp-user-avatar wp-user-avatar-30 alignnone photo gb-image-409ccc41\" \/><\/figure>\n<\/div>\n\n<div class=\"gb-container gb-container-3c22c750\">\n<div class=\"gb-headline gb-headline-403a241a gb-headline-text\"><a href=\"https:\/\/marblancsolar.com\/es\/author\/adam-millington\/\">Adam Millington<\/a><\/div>\n<\/div>\n<\/div>\n\n<p class=\"gb-headline gb-headline-8082861b gb-headline-text\"><time class=\"entry-date published\" datetime=\"2025-05-26T15:14:26+00:00\">26 de mayo de 2025<\/time><\/p>\n\n<div class=\"gb-headline gb-headline-3f588a2c gb-headline-text\">Inf\u00f3rmate sobre c\u00f3mo una caja de reserva puede mantener la luz cuando se corta la red.<\/div>\n<\/div><\/div>\n\n<div class=\"gb-grid-column gb-grid-column-650cdda7 gb-query-loop-item post-4330 post type-post status-publish format-standard has-post-thumbnail hentry category-blog-es category-guia\"><div class=\"gb-container gb-container-650cdda7\">\n<figure class=\"gb-block-image gb-block-image-9d2b95a3\"><img loading=\"lazy\" decoding=\"async\" width=\"1920\" height=\"1080\" src=\"https:\/\/marblancsolar.com\/wp-content\/uploads\/2024\/02\/solar-panel-installation-in-marbella.webp?wsr\" class=\"gb-image-9d2b95a3\" alt=\"Una gran villa blanca y moderna con m\u00faltiples balcones y piscina, rodeada de vegetaci\u00f3n y casas vecinas.\" srcset=\"https:\/\/marblancsolar.com\/wp-content\/uploads\/2024\/02\/solar-panel-installation-in-marbella.webp 1920w, https:\/\/marblancsolar.com\/wp-content\/uploads\/2024\/02\/solar-panel-installation-in-marbella-300x169.webp 300w, https:\/\/marblancsolar.com\/wp-content\/uploads\/2024\/02\/solar-panel-installation-in-marbella-1024x576.webp 1024w, https:\/\/marblancsolar.com\/wp-content\/uploads\/2024\/02\/solar-panel-installation-in-marbella-768x432.webp 768w, https:\/\/marblancsolar.com\/wp-content\/uploads\/2024\/02\/solar-panel-installation-in-marbella-1536x864.webp 1536w\" sizes=\"auto, (max-width: 1920px) 100vw, 1920px\" \/><\/figure>\n\n<h2 class=\"gb-headline gb-headline-c2397258 gb-headline-text\"><a href=\"https:\/\/marblancsolar.com\/es\/guia-5-pasos-instalar-paneles-solares-en-marbella\/\">Gu\u00eda en 5 pasos: Todo lo que hay que saber sobre la instalaci\u00f3n de paneles solares en Marbella<\/a><\/h2>\n\n<div class=\"gb-container gb-container-f1567b27\">\n<div class=\"gb-container gb-container-1ee92ed2\">\n<figure class=\"gb-block-image gb-block-image-409ccc41\"><img loading=\"lazy\" decoding=\"async\" src=\"https:\/\/marblancsolar.com\/wp-content\/uploads\/2025\/05\/Roman-Mitchell-150x150.jpg?wsr\" width=\"30\" height=\"30\" srcset=\"https:\/\/marblancsolar.com\/wp-content\/uploads\/2025\/05\/Roman-Mitchell-150x150.jpg?wsr 2x\" alt=\"Roman Mitchell\" class=\"avatar avatar-30 wp-user-avatar wp-user-avatar-30 alignnone photo gb-image-409ccc41\" \/><\/figure>\n<\/div>\n\n<div class=\"gb-container gb-container-3c22c750\">\n<div class=\"gb-headline gb-headline-403a241a gb-headline-text\"><a href=\"https:\/\/marblancsolar.com\/es\/author\/roman-mitchell\/\">Roman Mitchell<\/a><\/div>\n<\/div>\n<\/div>\n\n<p class=\"gb-headline gb-headline-8082861b gb-headline-text\"><time class=\"entry-date published\" datetime=\"2025-05-16T23:20:34+00:00\">16 de mayo de 2025<\/time><\/p>\n\n<div class=\"gb-headline gb-headline-3f588a2c gb-headline-text\">Inf\u00f3rmate sobre el tama\u00f1o del sistema, los costes de instalaci\u00f3n, las tarifas de alimentaci\u00f3n, el ahorro y los incentivos gubernamentales en Marbella en 2025.  <\/div>\n<\/div><\/div>\n<\/div>\n\n<\/div>\n<\/div>","protected":false},"excerpt":{"rendered":"<p>Descubre como aprovechar de la energ\u00eda solar en Marbella y la Costa del Sol.<\/p>\n","protected":false},"author":2,"featured_media":2615,"parent":0,"menu_order":0,"comment_status":"closed","ping_status":"closed","template":"","meta":{"_acf_changed":false,"footnotes":""},"class_list":["post-1070","page","type-page","status-publish","has-post-thumbnail"],"acf":[],"aioseo_notices":[],"_links":{"self":[{"href":"https:\/\/marblancsolar.com\/es\/wp-json\/wp\/v2\/pages\/1070","targetHints":{"allow":["GET"]}}],"collection":[{"href":"https:\/\/marblancsolar.com\/es\/wp-json\/wp\/v2\/pages"}],"about":[{"href":"https:\/\/marblancsolar.com\/es\/wp-json\/wp\/v2\/types\/page"}],"author":[{"embeddable":true,"href":"https:\/\/marblancsolar.com\/es\/wp-json\/wp\/v2\/users\/2"}],"replies":[{"embeddable":true,"href":"https:\/\/marblancsolar.com\/es\/wp-json\/wp\/v2\/comments?post=1070"}],"version-history":[{"count":3,"href":"https:\/\/marblancsolar.com\/es\/wp-json\/wp\/v2\/pages\/1070\/revisions"}],"predecessor-version":[{"id":4298,"href":"https:\/\/marblancsolar.com\/es\/wp-json\/wp\/v2\/pages\/1070\/revisions\/4298"}],"wp:featuredmedia":[{"embeddable":true,"href":"https:\/\/marblancsolar.com\/es\/wp-json\/wp\/v2\/media\/2615"}],"wp:attachment":[{"href":"https:\/\/marblancsolar.com\/es\/wp-json\/wp\/v2\/media?parent=1070"}],"curies":[{"name":"wp","href":"https:\/\/api.w.org\/{rel}","templated":true}]}}