{"id":5412,"date":"2025-06-27T12:03:47","date_gmt":"2025-06-27T12:03:47","guid":{"rendered":"https:\/\/marblancsolar.com\/nuestro-equipo\/pietro-marchi\/"},"modified":"2025-10-30T06:03:49","modified_gmt":"2025-10-30T06:03:49","slug":"pietro-marchi","status":"publish","type":"page","link":"https:\/\/marblancsolar.com\/es\/nuestro-equipo\/pietro-marchi\/","title":{"rendered":"Pietro Marchi"},"content":{"rendered":"<div class=\"gb-container gb-container-dc9395b4\">\n<div class=\"gb-container gb-container-25b16727\">\n<div class=\"gb-container gb-container-23ed7c7e\">\n<div class=\"gb-container gb-container-123dfc85\">\n<div class=\"gb-container gb-container-b2037456\">\n<div class=\"gb-container gb-container-eee3455a team-container\"><\/div>\n\n\n<h1 class=\"gb-headline gb-headline-85e2f650 gb-headline-text\">Pietro Marchi<\/h1>\n\n\n\n<p class=\"gb-headline gb-headline-883941f2 gb-headline-text\">Pietro Marchi es ingeniero top\u00f3grafo de Marblanc Solar, encargado de realizar nuestra <a href=\"https:\/\/marblancsolar.com\/es\/pedir-presupuesto\/#free-solar-survey\" title=\"\">encuesta solar gratuita<\/a>.<br><\/p>\n\n<\/div>\n<\/div>\n<\/div>\n<\/div>\n<div class=\"gb-shapes\"><div class=\"gb-shape gb-shape-1\"><svg preserveAspectRatio=\"none\" viewBox=\"0 0 1200 350\" xmlns=\"http:\/\/www.w3.org\/2000\/svg\">\n  <defs>\n    \n    \n    <linearGradient y2=\"0%\" x2=\"0%\" y1=\"0%\" x1=\"100%\" id=\"myShapeGradient\">\n      \n      <stop stop-color=\"#052c64\" offset=\"0%\"><\/stop>\n      <stop stop-color=\"#5785e8\" offset=\"100%\"><\/stop>\n    <\/linearGradient>\n  <\/defs>\n\n  \n  <path d=\"M1200 350V0C22.4 60.3 0 336.7 0 336.7V350h1200z\" fill=\"url(#myShapeGradient)\"><\/path>\n<\/svg><\/div><\/div><\/div><div class=\"gb-container gb-container-0ef2e187\">\n<div class=\"gb-container gb-container-48a7c540\">\n\n<h3 class=\"gb-headline gb-headline-c14f72cd gb-headline-text\">\u00daltimos art\u00edculos<\/h3>\n\n<\/div>\n<\/div><div class=\"gb-container gb-container-27d93a79\">\n<div class=\"gb-container gb-container-241dc8c4\">\n\n<div class=\"gb-grid-wrapper gb-grid-wrapper-5a66c4f7 gb-query-loop-wrapper\"><\/div>\n\n<\/div>\n<\/div>","protected":false},"excerpt":{"rendered":"<p>Pietro Marchi Pietro Marchi es ingeniero top\u00f3grafo de Marblanc Solar, encargado de realizar nuestra encuesta solar gratuita. \u00daltimos art\u00edculos<\/p>\n","protected":false},"author":4,"featured_media":3351,"parent":2005,"menu_order":0,"comment_status":"closed","ping_status":"closed","template":"","meta":{"_acf_changed":false,"footnotes":""},"class_list":["post-5412","page","type-page","status-publish","has-post-thumbnail"],"acf":[],"aioseo_notices":[],"_links":{"self":[{"href":"https:\/\/marblancsolar.com\/es\/wp-json\/wp\/v2\/pages\/5412","targetHints":{"allow":["GET"]}}],"collection":[{"href":"https:\/\/marblancsolar.com\/es\/wp-json\/wp\/v2\/pages"}],"about":[{"href":"https:\/\/marblancsolar.com\/es\/wp-json\/wp\/v2\/types\/page"}],"author":[{"embeddable":true,"href":"https:\/\/marblancsolar.com\/es\/wp-json\/wp\/v2\/users\/4"}],"replies":[{"embeddable":true,"href":"https:\/\/marblancsolar.com\/es\/wp-json\/wp\/v2\/comments?post=5412"}],"version-history":[{"count":4,"href":"https:\/\/marblancsolar.com\/es\/wp-json\/wp\/v2\/pages\/5412\/revisions"}],"predecessor-version":[{"id":5711,"href":"https:\/\/marblancsolar.com\/es\/wp-json\/wp\/v2\/pages\/5412\/revisions\/5711"}],"up":[{"embeddable":true,"href":"https:\/\/marblancsolar.com\/es\/wp-json\/wp\/v2\/pages\/2005"}],"wp:featuredmedia":[{"embeddable":true,"href":"https:\/\/marblancsolar.com\/es\/wp-json\/wp\/v2\/media\/3351"}],"wp:attachment":[{"href":"https:\/\/marblancsolar.com\/es\/wp-json\/wp\/v2\/media?parent=5412"}],"curies":[{"name":"wp","href":"https:\/\/api.w.org\/{rel}","templated":true}]}}