{"id":5715,"date":"2025-10-30T06:45:24","date_gmt":"2025-10-30T06:45:24","guid":{"rendered":"https:\/\/marblancsolar.com\/sobre-nosotros\/"},"modified":"2026-01-27T12:07:11","modified_gmt":"2026-01-27T12:07:11","slug":"sobre-nosotros","status":"publish","type":"page","link":"https:\/\/marblancsolar.com\/es\/sobre-nosotros\/","title":{"rendered":"Sobre nosotros"},"content":{"rendered":"<section class=\"gb-container gb-container-562aef2a\">\n<div class=\"gb-container gb-container-8128fcd8\">\n<div class=\"gb-container gb-container-aad7b4c8\">\n\n<h2 class=\"gb-headline gb-headline-d3d7bfe7 gb-headline-text\">El instalador solar mejor valorado de Marbella<\/h2>\n\n<\/div>\n\n<div class=\"gb-container gb-container-876eb6e4\">\n\n<p class=\"gb-headline gb-headline-fdd1e650 gb-headline-text\">Marblanc Solar fue fundada en 2022 por <a href=\"https:\/\/marblancsolar.com\/es\/nuestro-equipo\/adam-millington\/\" title=\"Adam Millington\">el electricista cualificado Adam Millington<\/a> en Marbella.<\/p>\n\n\n\n<p class=\"gb-headline gb-headline-09e93f1f gb-headline-text\">La empresa creci\u00f3 r\u00e1pidamente en su primer a\u00f1o, impulsada por la demanda de instaladores solares expertos en la Costa del Sol. A trav\u00e9s del boca a boca, Adam empez\u00f3 a recibir llamadas de propietarios que ten\u00edan problemas con sus sistemas y no pod\u00edan ponerse en contacto con sus instaladores originales, como esta <a href=\"https:\/\/marblancsolar.com\/es\/?p=3070\" title=\"\">instalaci\u00f3n solar en El Rosario, Marbella<\/a>, donde su equipo tuvo que retirar y sustituir piezas defectuosas del sistema que supon\u00edan un riesgo de incendio. <\/p>\n\n\n\n<p class=\"gb-headline gb-headline-4476cba4 gb-headline-text\">En 2024, <a href=\"https:\/\/marblancsolar.com\/es\/nuestro-equipo\/roman-mitchell\/\" title=\"Roman Mitchell\">el ingeniero civil titulado Roman Mitchell<\/a> se incorpor\u00f3 como copropietario de Marblanc Solar. La combinaci\u00f3n del riguroso control de calidad de las instalaciones de Adam y el enfoque innovador del dise\u00f1o de sistemas de Roman -basado en un <a href=\"https:\/\/marblancsolar.com\/es\/pedir-presupuesto\/#free-solar-survey\" title=\"\">estudio solar detallado y gratuito-<\/a> result\u00f3 ser una f\u00f3rmula ganadora. <\/p>\n\n\n\n<p class=\"gb-headline gb-headline-6dcb7e80 gb-headline-text\">A finales de 2025, Marblanc Solar se hab\u00eda convertido en el instalador solar mejor valorado de Marbella, con m\u00e1s de 90 opiniones de cinco estrellas en <a href=\"https:\/\/www.google.com\/maps\/place\/Marblanc+Solar\/@36.5115634,-4.8923695,17z\/data=!3m1!4b1!4m6!3m5!1s0x205e2782cca7e941:0xa73f0361517c2470!8m2!3d36.5115591!4d-4.8897892!16s%2Fg%2F11vwvzqrhj!5m1!1e2?entry=ttu&amp;g_ep=EgoyMDI1MTAyNy4wIKXMDSoASAFQAw%3D%3D\" title=\"\">Google<\/a> y <a href=\"https:\/\/www.facebook.com\/p\/Marblanc-Solar-100093673091068\/\" title=\"\">Facebook<\/a>.<\/p>\n\n\n\n<p class=\"gb-headline gb-headline-ca037899 gb-headline-text\">Marblanc Solar tambi\u00e9n se <a href=\"https:\/\/marblancsolar.com\/es\/cobertura-mediatica\/\" title=\"Cobertura medi\u00e1tica\">menciona con frecuencia en los medios de comunicaci\u00f3n locales<\/a> a trav\u00e9s de publicaciones como <a href=\"https:\/\/www.theolivepress.es\/spain-news\/2025\/05\/26\/marblanc-solar-the-marbella-installer-behind-a-3200-surge-in-solar-proposals\/\" title=\"\">The Olive Press<\/a>, <a href=\"https:\/\/www.surinenglish.com\/lifestyle\/property\/cheapest-solar-panel-system-melts-costa-sol-20250714130702-nt.html\" title=\"\">Sur en ingl\u00e9s<\/a>, <a href=\"https:\/\/euroweeklynews.com\/2025\/10\/17\/win-a-e20000-solar-installation-with-marblanc-solar-in-costa-del-sol\/\" title=\"\">Euro Weekly News<\/a>, <a href=\"https:\/\/www.thespanisheye.com\/2025\/04\/08\/renewable-energies-accounted-for-record-amount-of-electricity-in-spain-last-year-new-figures-show\/\" title=\"\">The Spanish Eye<\/a> y m\u00e1s.  <\/p>\n\n<\/div>\n<\/div>\n<\/section>\n\n<div class=\"gb-container gb-container-e392eebf\">\n<div class=\"gb-container gb-container-8c8f8cc2\">\n<div class=\"gb-container gb-container-82e56cdf\">\n<div class=\"gb-container gb-container-a7e495c9\">\n\n<script defer=\"defer\" async=\"\" src=\"https:\/\/cdn.trustindex.io\/loader.js?030696c428d547581b66eabb4b1\"><\/script>\n\n<\/div>\n\n<div class=\"gb-container gb-container-c17bb0de\">\n\n<h3 class=\"gb-headline gb-headline-00c90c22 gb-headline-text\">#Empresa de energ\u00eda solar n\u00ba 1 en Marbella<\/h3>\n\n\n\n<p class=\"gb-headline gb-headline-8191a25e gb-headline-text\">Somos la empresa n\u00ba 1 en energ\u00eda solar con sede en Marbella y un <a href=\"https:\/\/marblancsolar.com\/es\/sobre-nosotros\/\" title=\"Sobre nosotros\">equipo de expertos cualificados<\/a>. Lee arriba una selecci\u00f3n de nuestras mejores opiniones.  <\/p>\n\n<\/div>\n<\/div>\n<\/div>\n<\/div>\n\n<div class=\"gb-container gb-container-68be63f9\">\n<div class=\"gb-container gb-container-b74630bd\">\n<div class=\"gb-container gb-container-9eaf295e\">\n<div class=\"gb-container gb-container-0b610781\">\n\n<figure class=\"wp-block-embed is-type-video is-provider-vimeo wp-block-embed-vimeo wp-embed-aspect-16-9 wp-has-aspect-ratio\"><div class=\"wp-block-embed__wrapper\">\n<iframe loading=\"lazy\" title=\"Timelapse: John Bradley Installing Battery, Inverter, Backup Box\" src=\"https:\/\/player.vimeo.com\/video\/1087790198?dnt=1&amp;app_id=122963\" width=\"1200\" height=\"675\" frameborder=\"0\" allow=\"autoplay; fullscreen; picture-in-picture; clipboard-write; encrypted-media; web-share\" referrerpolicy=\"strict-origin-when-cross-origin\"><\/iframe>\n<\/div><\/figure>\n\n<\/div>\n\n<div class=\"gb-container gb-container-484a9965\">\n<div class=\"gb-grid-wrapper gb-grid-wrapper-94c4829e\">\n<div class=\"gb-grid-column gb-grid-column-3da0256b\"><div class=\"gb-container gb-container-3da0256b\">\n\n<h3 class=\"gb-headline gb-headline-a005ade9 gb-headline-text\">Instalaciones <mark class=\"gb-highlight\">de alta calidad<\/mark> <\/h3>\n\n<\/div><\/div>\n\n<div class=\"gb-grid-column gb-grid-column-3bf6df18\"><div class=\"gb-container gb-container-3bf6df18\">\n\n<p class=\"gb-headline gb-headline-b5fc96f1 gb-headline-text\">Mira un time-lapse de nuestro jefe de obra, John Bradley, instalando una <a href=\"https:\/\/marblancsolar.com\/es\/servicios\/baterias-solares\/\" title=\"Bater\u00eda solar\">bater\u00eda solar<\/a>, un inversor solar y <a href=\"https:\/\/marblancsolar.com\/es\/quieres-energia-solar-en-un-apagon-utiliza-un-backup-box\/\" title=\"\u00bfQuieres energ\u00eda solar en un apag\u00f3n? Utiliza una caja de seguridad\">una caja de respaldo<\/a> en una propiedad de la Costa del Sol.<\/p>\n\n<\/div><\/div>\n<\/div>\n<\/div>\n<\/div>\n\n<div class=\"gb-container gb-container-f0f29701\">\n<div class=\"gb-container gb-container-abf6c664\">\n\n<figure class=\"wp-block-embed is-type-video is-provider-youtube wp-block-embed-youtube wp-embed-aspect-16-9 wp-has-aspect-ratio\"><div class=\"wp-block-embed__wrapper\">\n<iframe loading=\"lazy\" title=\"Client success interview\" width=\"1200\" height=\"675\" src=\"https:\/\/www.youtube.com\/embed\/jTa1YzFAUc8?feature=oembed\" frameborder=\"0\" allow=\"accelerometer; autoplay; clipboard-write; encrypted-media; gyroscope; picture-in-picture; web-share\" referrerpolicy=\"strict-origin-when-cross-origin\" allowfullscreen><\/iframe>\n<\/div><\/figure>\n\n<\/div>\n\n<div class=\"gb-container gb-container-cdbe1f03\">\n<div class=\"gb-grid-wrapper gb-grid-wrapper-cd9a3359\">\n<div class=\"gb-grid-column gb-grid-column-a4921f17\"><div class=\"gb-container gb-container-a4921f17\">\n\n<h3 class=\"gb-headline gb-headline-e45d993e gb-headline-text\"><mark style=\"background-color:rgba(0, 0, 0, 0)\" class=\"has-inline-color has-accent-color\">El mejor<\/mark> instalador<\/h3>\n\n<\/div><\/div>\n\n<div class=\"gb-grid-column gb-grid-column-50befa8f\"><div class=\"gb-container gb-container-50befa8f\">\n\n<p class=\"gb-headline gb-headline-aa89b3f8 gb-headline-text\">Mira el v\u00eddeo para ver lo que dicen nuestros clientes sobre los servicios de instalaci\u00f3n solar de Marblanc Solar.<\/p>\n\n<\/div><\/div>\n<\/div>\n<\/div>\n<\/div>\n<\/div>\n<\/div>\n\n<div class=\"gb-container gb-container-a00a6d44\">\n<div class=\"gb-grid-wrapper gb-grid-wrapper-cec4bd47\">\n<div class=\"gb-grid-column gb-grid-column-589fb47f\"><div class=\"gb-container gb-container-589fb47f\"><\/div><\/div>\n\n<div class=\"gb-grid-column gb-grid-column-b64d7cd5\"><div class=\"gb-container gb-container-b64d7cd5\">\n\n<p class=\"gb-headline gb-headline-16128234 gb-headline-text\">\u00b7<\/p>\n\n<\/div><\/div>\n\n<div class=\"gb-grid-column gb-grid-column-5b72b4db\"><div class=\"gb-container gb-container-5b72b4db\"><\/div><\/div>\n<\/div>\n<\/div>\n\n<section class=\"gb-container gb-container-631e3bc3\">\n<div class=\"gb-container gb-container-2868df5a\">\n<div class=\"gb-container gb-container-f23d2f4c\">\n\n<h2 class=\"gb-headline gb-headline-4db091b7 gb-headline-text\">Nuestros Servicios de Instalaciones Solares<\/h2>\n\n<\/div>\n\n<div class=\"gb-container gb-container-aef82c0f\">\n\n<p class=\"gb-headline gb-headline-62885c7e gb-headline-text\">En Marblanc Solar somos especialistas en el dise\u00f1o, instalaci\u00f3n y mantenimiento de sistemas solares de alto rendimiento.<\/p>\n\n\n\n<p>Con cada instalaci\u00f3n, nuestro objetivo es sencillo: ayudarte a <a href=\"https:\/\/marblancsolar.com\/es\/guia-3-pasos-dimensionar-instalacion-fotovoltaica-en-costa-del-sol\/\" title=\"Gu\u00eda en 3 pasos: Dimensionar una instalaci\u00f3n solar para ahorrar un 80% en la Costa del Sol\">reducir tus facturas mensuales de electricidad en un 80%<\/a> o m\u00e1s, asegur\u00e1ndonos al mismo tiempo de que tu sistema est\u00e1 totalmente legalizado y cumple la normativa espa\u00f1ola.<\/p>\n\n\n\n<p class=\"gb-headline gb-headline-06c033f5 gb-headline-text\"><a href=\"https:\/\/marblancsolar.com\/es\/nuestro-equipo\/\" title=\"Nuestro equipo\">Nuestro equipo interno<\/a> instala <a href=\"https:\/\/marblancsolar.com\/es\/servicios\/paneles-solares\/\" title=\"Paneles solares\">paneles solares<\/a> de alto rendimiento con un control de calidad supervisado por electricistas certificados. S\u00f3lo instalamos los componentes correctos y \u00f3ptimos del sistema -como cables, optimizadores, dispositivos de protecci\u00f3n contra sobretensiones, contadores de energ\u00eda e inversores solares- para garantizar que cada instalaci\u00f3n pueda cumplir nuestra garant\u00eda de mano de obra de 25 a\u00f1os.   <\/p>\n\n\n\n<p>Cuando sea necesario, tambi\u00e9n podemos dise\u00f1ar y conseguir licencias para p\u00e9rgolas o soportes solares <a href=\"https:\/\/marblancsolar.com\/es\/?p=3800\" title=\"\">personalizados que complementen tu propiedad &#8211; mira un ejemplo de una instalaci\u00f3n solar con p\u00e9rgola personalizada en Mijas<\/a> aqu\u00ed.  <\/p>\n\n\n\n<p>Aqu\u00ed tienes otro ejemplo de una <a href=\"https:\/\/marblancsolar.com\/es\/?p=4675\" title=\"\">estructura de acero personalizada<\/a> que construimos para montar paneles solares en una propiedad que apareci\u00f3 en la serie <em>Making it in Marbella<\/em> de Netflix.<\/p>\n\n\n\n<p>Como parte de nuestros <a href=\"https:\/\/marblancsolar.com\/es\/servicios\/servicios-posventa\/\" title=\"Asistencia posterior a la instalaci\u00f3n\">servicios posteriores a la instalaci\u00f3n<\/a>, comparamos proveedores de energ\u00eda y te cambiamos a la mejor tarifa de alimentaci\u00f3n solar y bater\u00eda virtual para tu casa. Tambi\u00e9n volvemos a visitar tu casa para instalar temporizadores y asegurarnos de que aprovechas al m\u00e1ximo tu energ\u00eda solar gratuita. <\/p>\n\n\n\n<p class=\"gb-headline gb-headline-bd0d5a9b gb-headline-text\">Para los clientes con un veh\u00edculo el\u00e9ctrico, tambi\u00e9n ofrecemos <a href=\"https:\/\/marblancsolar.com\/es\/servicios\/cargadores-de-ve\/\" title=\"Cargadores de VE\">instalaciones de cargadores para VE<\/a>, proporcionando una soluci\u00f3n energ\u00e9tica completa y preparada para el futuro.<\/p>\n\n<\/div>\n<\/div>\n<\/section>\n\n<div class=\"gb-container gb-container-a00a6d44\">\n<div class=\"gb-grid-wrapper gb-grid-wrapper-cec4bd47\">\n<div class=\"gb-grid-column gb-grid-column-589fb47f\"><div class=\"gb-container gb-container-589fb47f\"><\/div><\/div>\n\n<div class=\"gb-grid-column gb-grid-column-b64d7cd5\"><div class=\"gb-container gb-container-b64d7cd5\">\n\n<p class=\"gb-headline gb-headline-16128234 gb-headline-text\">\u00b7<\/p>\n\n<\/div><\/div>\n\n<div class=\"gb-grid-column gb-grid-column-5b72b4db\"><div class=\"gb-container gb-container-5b72b4db\"><\/div><\/div>\n<\/div>\n<\/div>\n\n<div class=\"gb-container gb-container-c6765599\">\n<div class=\"gb-container gb-container-3b9f5694\">\n<div class=\"gb-container gb-container-04c73d89\">\n\n<h2 class=\"gb-headline gb-headline-9f18569e gb-headline-text\">Ver nuestras \u00faltimas instalaciones solares<\/h2>\n\n<\/div>\n\n<div class=\"gb-container gb-container-240ee1e7\">\n\n<p class=\"gb-headline gb-headline-a83e6c06 gb-headline-text\">Echa un vistazo a continuaci\u00f3n para ver nuestras instalaciones solares seleccionadas, o visita nuestra p\u00e1gina de <a href=\"https:\/\/marblancsolar.com\/solar-installations\/marbella\/\" title=\"Instalaciones\">instalaciones<\/a> para ver todas las instalaciones que aparecen en nuestro sitio web.<\/p>\n\n\n\n<p class=\"gb-headline gb-headline-1dcf1e97 gb-headline-text\">Tambi\u00e9n puedes ver nuestras instalaciones solares en zonas concretas de la Costa del Sol como <a href=\"https:\/\/marblancsolar.com\/solar-installations\/marbella-fotovoltaicas\/benahavis\/\" title=\"Instalaci\u00f3n de placas solares en Benahav\u00eds\">Benahav\u00eds<\/a>, <a href=\"https:\/\/marblancsolar.com\/solar-installations\/marbella-fotovoltaicas\/benalmadena\/\" title=\"Instalador Solar en Benalm\u00ed\u00a1dena\">Benalm\u00e1dena<\/a>, <a href=\"https:\/\/marblancsolar.com\/solar-installations\/marbella-fotovoltaicas\/estepona\/\" title=\"Estepona\">Estepona<\/a>, <a href=\"https:\/\/marblancsolar.com\/solar-installations\/marbella-fotovoltaicas\/fuengirola\/\" title=\"Fuengirola\">Fuengirola<\/a>, <a href=\"https:\/\/marblancsolar.com\/solar-installations\/marbella-fotovoltaicas\/malaga\/\" title=\"M\u00e1laga\">M\u00e1laga<\/a>, <a href=\"https:\/\/marblancsolar.com\/solar-installations\/marbella-fotovoltaicas\/manilva\/\" title=\"Instalaci\u00f3n de paneles solares en Manilva\">Manilva<\/a>, <a href=\"https:\/\/marblancsolar.com\/solar-installations\/marbella-fotovoltaicas\/marbella\/\" title=\"\">Marbella<\/a>, <a href=\"https:\/\/marblancsolar.com\/solar-installations\/marbella-fotovoltaicas\/mijas\/\" title=\"Instalaci\u00f3n de placas solares en Mijas\">Mijas<\/a>, <a href=\"https:\/\/marblancsolar.com\/solar-installations\/marbella-fotovoltaicas\/ojen\/\" title=\"Oj\u00e9n\">Oj\u00e9n<\/a>, <a href=\"https:\/\/marblancsolar.com\/solar-installations\/marbella-fotovoltaicas\/sotogrande\/\" title=\"Instalador solar en Sotogrande\">Sotogrande<\/a> y m\u00e1s.<\/p>\n\n<\/div>\n<\/div>\n<\/div>\n\n<div class=\"gb-container gb-container-0ef2e187\">\n<div class=\"gb-container gb-container-48a7c540\">\n\n<h3 class=\"gb-headline gb-headline-c14f72cd gb-headline-text\">\u00daltimas instalaciones solares<\/h3>\n\n<\/div>\n<\/div>\n\n<div class=\"gb-container gb-container-10316c9a\" id=\"see-projects\">\n<div class=\"gb-container gb-container-73c0ca63\">\n\n<div class=\"gb-grid-wrapper gb-grid-wrapper-7cf66965 gb-query-loop-wrapper\"><\/div>\n\n<\/div>\n<\/div>\n\n<div class=\"gb-container gb-container-a00a6d44\">\n<div class=\"gb-grid-wrapper gb-grid-wrapper-cec4bd47\">\n<div class=\"gb-grid-column gb-grid-column-589fb47f\"><div class=\"gb-container gb-container-589fb47f\"><\/div><\/div>\n\n<div class=\"gb-grid-column gb-grid-column-b64d7cd5\"><div class=\"gb-container gb-container-b64d7cd5\">\n\n<p class=\"gb-headline gb-headline-16128234 gb-headline-text\">\u00b7<\/p>\n\n<\/div><\/div>\n\n<div class=\"gb-grid-column gb-grid-column-5b72b4db\"><div class=\"gb-container gb-container-5b72b4db\"><\/div><\/div>\n<\/div>\n<\/div>\n\n<section class=\"gb-container gb-container-e92ce807\">\n<div class=\"gb-container gb-container-371305cf\">\n<div class=\"gb-container gb-container-af6d521f\">\n\n<h2 class=\"gb-headline gb-headline-db5ed219 gb-headline-text\">Qu\u00e9 esperar cuando pides <mark style=\"background-color:rgba(0, 0, 0, 0)\" class=\"has-inline-color has-accent-color\">presupuesto<\/mark> a marblanc solar<\/h2>\n\n<\/div>\n\n<div class=\"gb-container gb-container-ea7effb2\">\n\n<p class=\"gb-headline gb-headline-429d01f6 gb-headline-text\">Nuestro proceso de instalaci\u00f3n en cuatro pasos comienza cuando pides <a href=\"https:\/\/marblancsolar.com\/es\/pedir-presupuesto\/\" title=\"Pedir presupuesto\">presupuesto<\/a>.  <\/p>\n\n\n\n<p>Una vez que recibamos tus datos, un ingeniero top\u00f3grafo cualificado de <a href=\"https:\/\/marblancsolar.com\/es\/nuestro-equipo\/\" title=\"Nuestro equipo\">nuestro equipo<\/a> concertar\u00e1 una visita a tu domicilio para realizar nuestro <a href=\"https:\/\/marblancsolar.com\/es\/pedir-presupuesto\/#free-solar-survey\" title=\"\">estudio solar gratuito<\/a>. A continuaci\u00f3n, recibir\u00e1s una segunda visita en la que te presentaremos dos propuestas personalizadas y responderemos a todas tus preguntas. <\/p>\n\n<\/div>\n<\/div>\n<\/section>\n\n<div class=\"gb-container gb-container-9835304b\">\n<div class=\"gb-container gb-container-bc4b4e65\">\n<div class=\"gb-container gb-container-01fa7efd\">\n<div class=\"gb-container gb-container-d3590887\">\n<div class=\"gb-container gb-container-a781d98d\">\n<div class=\"gb-grid-wrapper gb-grid-wrapper-7302514b\">\n<div class=\"gb-grid-column gb-grid-column-a529f31c\"><div class=\"gb-container gb-container-a529f31c\">\n\n<div class=\"gb-headline gb-headline-a59d2192 gb-headline-text\">1<\/div>\n\n<\/div><\/div>\n\n<div class=\"gb-grid-column gb-grid-column-d75cb86c\"><div class=\"gb-container gb-container-d75cb86c\">\n\n<h3 class=\"gb-headline gb-headline-8f168d0a gb-headline-text\">Estudio solar gratuito<\/h3>\n\n\n\n<p class=\"gb-headline gb-headline-e16cf9fd gb-headline-text\">Nuestro <a href=\"https:\/\/marblancsolar.com\/es\/pedir-presupuesto\/#free-solar-survey\" title=\"\">estudio solar gratuito<\/a> incluye: inspecci\u00f3n con dron, modelo de rendimiento en 3D, dos propuestas personalizadas y una estimaci\u00f3n del umbral de rentabilidad para cada una.<\/p>\n\n<\/div><\/div>\n<\/div>\n\n<div class=\"gb-grid-wrapper gb-grid-wrapper-448ac2c6\">\n<div class=\"gb-grid-column gb-grid-column-abce0c3c\"><div class=\"gb-container gb-container-abce0c3c\">\n\n<div class=\"gb-headline gb-headline-58166c05 gb-headline-text\">2<\/div>\n\n<\/div><\/div>\n\n<div class=\"gb-grid-column gb-grid-column-120ce60e\"><div class=\"gb-container gb-container-120ce60e\">\n\n<h3 class=\"gb-headline gb-headline-63cfcec4 gb-headline-text\">Presentaci\u00f3n<\/h3>\n\n\n\n<p class=\"gb-headline gb-headline-96df99e3 gb-headline-text\">Tras crear dos propuestas, un electricista cualificado presenta cada una de ellas, responde a cualquier pregunta y sigue haciendo ajustes en funci\u00f3n de tu rendimiento, costes y ahorro ideales.<\/p>\n\n<\/div><\/div>\n<\/div>\n\n<div class=\"gb-grid-wrapper gb-grid-wrapper-379b5f75\">\n<div class=\"gb-grid-column gb-grid-column-138857a0\"><div class=\"gb-container gb-container-138857a0\">\n\n<div class=\"gb-headline gb-headline-175d7e2e gb-headline-text\">3<\/div>\n\n<\/div><\/div>\n\n<div class=\"gb-grid-column gb-grid-column-5d84c0b9\"><div class=\"gb-container gb-container-5d84c0b9\">\n\n<h3 class=\"gb-headline gb-headline-2846d7a2 gb-headline-text\">Instalaci\u00f3n<\/h3>\n\n\n\n<p class=\"gb-headline gb-headline-ed35824b gb-headline-text\">Nuestro <a href=\"https:\/\/marblancsolar.com\/es\/nuestro-equipo\/\" title=\"Nuestro equipo\">equipo interno<\/a> obtiene las licencias pertinentes y fija una fecha para instalar el equipo al m\u00e1s alto nivel en 1-3 d\u00edas.<\/p>\n\n<\/div><\/div>\n<\/div>\n\n<div class=\"gb-grid-wrapper gb-grid-wrapper-7bf92f87\">\n<div class=\"gb-grid-column gb-grid-column-49002df3\"><div class=\"gb-container gb-container-49002df3\">\n\n<div class=\"gb-headline gb-headline-5173cf0c gb-headline-text\">4<\/div>\n\n<\/div><\/div>\n\n<div class=\"gb-grid-column gb-grid-column-2700346a\"><div class=\"gb-container gb-container-2700346a\">\n\n<h3 class=\"gb-headline gb-headline-786e3e0c gb-headline-text\">Asistencia posterior a la instalaci\u00f3n<\/h3>\n\n\n\n<p class=\"gb-headline gb-headline-b71a971d gb-headline-text\">Ofrecemos servicio gratuito durante los tres primeros a\u00f1os, y mantenemos un canal directo de WhatsApp disponible de lunes a domingo para cualquier duda.  <\/p>\n\n<\/div><\/div>\n<\/div>\n<\/div>\n\n<div class=\"gb-container gb-container-2c4f416c\">\n\n<figure class=\"gb-block-image gb-block-image-fe4f0411\"><img loading=\"lazy\" decoding=\"async\" width=\"977\" height=\"653\" class=\"gb-image gb-image-fe4f0411\" src=\"https:\/\/marblancsolar.com\/wp-content\/uploads\/2024\/11\/free-solar-survey-example-using-pylon-in-marbella.webp\" alt=\"Vista a\u00e9rea de una casa residencial con jard\u00edn, camino de entrada y vegetaci\u00f3n circundante.\" title=\"ejemplo-de-viaje-solar-gratuito-utilizando-pilones-en-marbella\" srcset=\"https:\/\/marblancsolar.com\/wp-content\/uploads\/2024\/11\/free-solar-survey-example-using-pylon-in-marbella.webp 977w, https:\/\/marblancsolar.com\/wp-content\/uploads\/2024\/11\/free-solar-survey-example-using-pylon-in-marbella-300x201.webp 300w, https:\/\/marblancsolar.com\/wp-content\/uploads\/2024\/11\/free-solar-survey-example-using-pylon-in-marbella-768x513.webp 768w\" sizes=\"auto, (max-width: 977px) 100vw, 977px\" \/><\/figure>\n\n<\/div>\n<\/div>\n<\/div>\n<\/div>\n<\/div>\n\n<div class=\"gb-container gb-container-a545d068\">\n<div class=\"gb-container gb-container-458af321\">\n<div class=\"gb-container gb-container-ec9bc90c\">\n<div class=\"gb-grid-wrapper gb-grid-wrapper-f1d610e8\">\n<div class=\"gb-grid-column gb-grid-column-01cc02b0\"><div class=\"gb-container gb-container-01cc02b0\">\n\n<h3 class=\"gb-headline gb-headline-8a1562b9 gb-headline-text\">Pedir presupuesto<\/h3>\n\n<\/div><\/div>\n\n<div class=\"gb-grid-column gb-grid-column-1c6411f1\"><div class=\"gb-container gb-container-1c6411f1\">\n\n<p class=\"gb-headline gb-headline-e01f76a6 gb-headline-text\">Los presupuestos incluyen una visita a domicilio sin compromiso, una inspecci\u00f3n con dron, un modelo de rendimiento en 3D, dos propuestas personalizadas y una estimaci\u00f3n del umbral de rentabilidad para cada una.<\/p>\n\n\n\n<a class=\"gb-button gb-button-01a578fa gb-button-text\" href=\"https:\/\/marblancsolar.com\/es\/pedir-presupuesto\/\">Pedir presupuesto<\/a>\n\n<\/div><\/div>\n<\/div>\n<\/div>\n<\/div>\n<\/div>","protected":false},"excerpt":{"rendered":"<p>Marblanc Solar es un instalador de paneles solares con sede en Marbella, en la Costa del Sol. Somos la empresa de energ\u00eda solar mejor valorada de la zona, con m\u00e1s de 90 opiniones de cinco estrellas en plataformas online. <\/p>\n","protected":false},"author":2,"featured_media":1841,"parent":0,"menu_order":0,"comment_status":"closed","ping_status":"closed","template":"","meta":{"_acf_changed":false,"footnotes":""},"class_list":["post-5715","page","type-page","status-publish","has-post-thumbnail"],"acf":[],"aioseo_notices":[],"_links":{"self":[{"href":"https:\/\/marblancsolar.com\/es\/wp-json\/wp\/v2\/pages\/5715","targetHints":{"allow":["GET"]}}],"collection":[{"href":"https:\/\/marblancsolar.com\/es\/wp-json\/wp\/v2\/pages"}],"about":[{"href":"https:\/\/marblancsolar.com\/es\/wp-json\/wp\/v2\/types\/page"}],"author":[{"embeddable":true,"href":"https:\/\/marblancsolar.com\/es\/wp-json\/wp\/v2\/users\/2"}],"replies":[{"embeddable":true,"href":"https:\/\/marblancsolar.com\/es\/wp-json\/wp\/v2\/comments?post=5715"}],"version-history":[{"count":2,"href":"https:\/\/marblancsolar.com\/es\/wp-json\/wp\/v2\/pages\/5715\/revisions"}],"predecessor-version":[{"id":6604,"href":"https:\/\/marblancsolar.com\/es\/wp-json\/wp\/v2\/pages\/5715\/revisions\/6604"}],"wp:featuredmedia":[{"embeddable":true,"href":"https:\/\/marblancsolar.com\/es\/wp-json\/wp\/v2\/media\/1841"}],"wp:attachment":[{"href":"https:\/\/marblancsolar.com\/es\/wp-json\/wp\/v2\/media?parent=5715"}],"curies":[{"name":"wp","href":"https:\/\/api.w.org\/{rel}","templated":true}]}}