{"id":5884,"date":"2025-11-11T20:55:54","date_gmt":"2025-11-11T20:55:54","guid":{"rendered":"https:\/\/marblancsolar.com\/noticias-de-marblanc\/"},"modified":"2025-11-11T21:21:31","modified_gmt":"2025-11-11T21:21:31","slug":"noticias-de-marblanc","status":"publish","type":"page","link":"https:\/\/marblancsolar.com\/es\/noticias-de-marblanc\/","title":{"rendered":"Noticias de Marblanc"},"content":{"rendered":"<div class=\"gb-container gb-container-dc9395b4\">\n<div class=\"gb-container gb-container-25b16727\">\n<div class=\"gb-container gb-container-23ed7c7e\">\n<div class=\"gb-container gb-container-371305cf\">\n<div class=\"gb-container gb-container-af6d521f\">\n<div class=\"gb-container gb-container-48278461\">\n\n<h2 class=\"gb-headline gb-headline-db5ed219 gb-headline-text\">Noticias y actualizaciones de Marblanc Solar<\/h2>\n\n<\/div>\n<\/div>\n\n<div class=\"gb-container gb-container-ea7effb2\">\n\n<p class=\"gb-headline gb-headline-2081e6e7 gb-headline-text\">Mantente informado con lo \u00faltimo de Marblanc Solar: desde lanzamientos de nuevos productos, ofertas y regalos hasta actualizaciones importantes sobre la energ\u00eda solar en Espa\u00f1a.<\/p>\n\n\n\n<p class=\"has-text-align-left\">Aqu\u00ed compartimos noticias de la empresa, opiniones de expertos y desarrollos clave que podr\u00edan afectar a tu sistema solar, ayud\u00e1ndote a tomar decisiones informadas y a sacar el m\u00e1ximo partido a tu inversi\u00f3n en energ\u00eda limpia.<\/p>\n\n<\/div>\n<\/div>\n<\/div>\n<\/div>\n<\/div><section class=\"gb-container gb-container-e92ce807\"><\/section><div class=\"gb-container gb-container-0ef2e187\">\n<div class=\"gb-container gb-container-48a7c540\">\n\n<h3 class=\"gb-headline gb-headline-c14f72cd gb-headline-text\">\u00daltimos art\u00edculos<\/h3>\n\n<\/div>\n<\/div><div class=\"gb-container gb-container-10316c9a\" id=\"see-projects\">\n<div class=\"gb-container gb-container-73c0ca63\">\n\n<div class=\"gb-grid-wrapper gb-grid-wrapper-7cf66965 gb-query-loop-wrapper\">\n<div class=\"gb-grid-column gb-grid-column-9b42971a gb-query-loop-item post-7435 post type-post status-publish format-standard hentry category-noticias-de-marblanc\"><div class=\"gb-container gb-container-9b42971a\">\n<div class=\"gb-container gb-container-80c3833e\"><a class=\"gb-container-link\" href=\"https:\/\/marblancsolar.com\/es\/marblanc-solar-se-amplia-a-costa-blanca-con-la-primera-instalacion\/\"><\/a>\n<div class=\"gb-container gb-container-16493c53\">\n<h4 class=\"gb-headline gb-headline-d571b26a gb-headline-text\">Marblanc Solar se expande oficialmente a la Costa Blanca con su primera instalaci\u00f3n terminada<\/h4>\n<\/div>\n<\/div>\n<\/div><\/div>\n\n<div class=\"gb-grid-column gb-grid-column-9b42971a gb-query-loop-item post-6269 post type-post status-publish format-standard has-post-thumbnail hentry category-noticias-de-marblanc\"><div class=\"gb-container gb-container-9b42971a\">\n<div class=\"gb-container gb-container-80c3833e\" style=\"background-image: url(https:\/\/marblancsolar.com\/wp-content\/uploads\/2025\/12\/marblanc-solar-costa-christmas-collection-1.jpeg?wsr);\"><a class=\"gb-container-link\" href=\"https:\/\/marblancsolar.com\/es\/marblanc-solar-dona-mas-de-180-regalos-a-la-colecta-navidena-de-costa-para-ayudar-a-5-orfanatos-y-180-familias\/\"><\/a>\n<div class=\"gb-container gb-container-16493c53\">\n<h4 class=\"gb-headline gb-headline-d571b26a gb-headline-text\">Marblanc Solar dona m\u00e1s de 180 regalos a la colecta navide\u00f1a de Costa para ayudar a 5 orfanatos y 180 familias<\/h4>\n<\/div>\n<\/div>\n<\/div><\/div>\n\n<div class=\"gb-grid-column gb-grid-column-9b42971a gb-query-loop-item post-5882 post type-post status-publish format-standard has-post-thumbnail hentry category-noticias-de-marblanc\"><div class=\"gb-container gb-container-9b42971a\">\n<div class=\"gb-container gb-container-80c3833e\" style=\"background-image: url(https:\/\/marblancsolar.com\/wp-content\/uploads\/2025\/11\/marblanc-solar-giveaway-winner-announced.jpg?wsr);\"><a class=\"gb-container-link\" href=\"https:\/\/marblancsolar.com\/es\/ganador-anunciado-sorteo-de-un-sistema-solar-gratuito-de-20-000-euros-de-marblanc-solar\/\"><\/a>\n<div class=\"gb-container gb-container-16493c53\">\n<h4 class=\"gb-headline gb-headline-d571b26a gb-headline-text\">Ganador anunciado: Sorteo de un sistema solar gratuito de 20.000 euros de Marblanc Solar<\/h4>\n<\/div>\n<\/div>\n<\/div><\/div>\n\n<div class=\"gb-grid-column gb-grid-column-9b42971a gb-query-loop-item post-5834 post type-post status-publish format-standard has-post-thumbnail hentry category-noticias-de-marblanc\"><div class=\"gb-container gb-container-9b42971a\">\n<div class=\"gb-container gb-container-80c3833e\" style=\"background-image: url(https:\/\/marblancsolar.com\/wp-content\/uploads\/2025\/10\/14-solar-panel-installation-el-viria-marbella-front.jpeg?wsr);\"><a class=\"gb-container-link\" href=\"https:\/\/marblancsolar.com\/es\/marblanc-solar-ofrece-ahora-financiacion-flexible-a-traves-de-pontio\/\"><\/a>\n<div class=\"gb-container gb-container-16493c53\">\n<h4 class=\"gb-headline gb-headline-d571b26a gb-headline-text\">Marblanc Solar ofrece ahora financiaci\u00f3n flexible a trav\u00e9s de Pontio<\/h4>\n<\/div>\n<\/div>\n<\/div><\/div>\n\n<div class=\"gb-grid-column gb-grid-column-9b42971a gb-query-loop-item post-5545 post type-post status-publish format-standard has-post-thumbnail hentry category-noticias-de-marblanc\"><div class=\"gb-container gb-container-9b42971a\">\n<div class=\"gb-container gb-container-80c3833e\" style=\"background-image: url(https:\/\/marblancsolar.com\/wp-content\/uploads\/2025\/09\/solar-panel-installation-residential-villa-torreblanca-fuengirola-south-west.jpg?wsr);\"><a class=\"gb-container-link\" href=\"https:\/\/marblancsolar.com\/es\/solo-el-36-de-las-viviendas-andaluzas-tienen-instaladas-placas-solares-segun-un-estudio\/\"><\/a>\n<div class=\"gb-container gb-container-16493c53\">\n<h4 class=\"gb-headline gb-headline-d571b26a gb-headline-text\">S\u00f3lo el 3,6% de las viviendas andaluzas tienen instaladas placas solares, seg\u00fan un estudio<\/h4>\n<\/div>\n<\/div>\n<\/div><\/div>\n\n<div class=\"gb-grid-column gb-grid-column-9b42971a gb-query-loop-item post-5353 post type-post status-publish format-standard has-post-thumbnail hentry category-noticias-de-marblanc\"><div class=\"gb-container gb-container-9b42971a\">\n<div class=\"gb-container gb-container-80c3833e\" style=\"background-image: url(https:\/\/marblancsolar.com\/wp-content\/uploads\/2025\/10\/marblanc-solar-20000-solar-giveaway.jpeg?wsr);\"><a class=\"gb-container-link\" href=\"https:\/\/marblancsolar.com\/es\/marblanc-solar-regalara-un-sistema-solar-de-20-000-euros-en-el-mayor-sorteo-de-espana\/\"><\/a>\n<div class=\"gb-container gb-container-16493c53\">\n<h4 class=\"gb-headline gb-headline-d571b26a gb-headline-text\">Marblanc Solar regalar\u00e1 un sistema solar de 20.000 euros en el \u00abMayor Regalo de Espa\u00f1a\u00bb<\/h4>\n<\/div>\n<\/div>\n<\/div><\/div>\n\n<div class=\"gb-grid-column gb-grid-column-9b42971a gb-query-loop-item post-5547 post type-post status-publish format-standard has-post-thumbnail hentry category-noticias-de-marblanc\"><div class=\"gb-container gb-container-9b42971a\">\n<div class=\"gb-container gb-container-80c3833e\" style=\"background-image: url(https:\/\/marblancsolar.com\/wp-content\/uploads\/2025\/09\/solar-panel-installation-residential-villa-el-rosario-marbella-south.jpg?wsr);\"><a class=\"gb-container-link\" href=\"https:\/\/marblancsolar.com\/es\/las-instalaciones-de-baterias-solares-domesticas-crecen-un-88-tras-el-apagon-de-abril-de-2025-en-espana\/\"><\/a>\n<div class=\"gb-container gb-container-16493c53\">\n<h4 class=\"gb-headline gb-headline-d571b26a gb-headline-text\">Las instalaciones de bater\u00edas solares dom\u00e9sticas crecen un 88% tras el apag\u00f3n de abril de 2025 en Espa\u00f1a<\/h4>\n<\/div>\n<\/div>\n<\/div><\/div>\n\n<div class=\"gb-grid-column gb-grid-column-9b42971a gb-query-loop-item post-5550 post type-post status-publish format-standard has-post-thumbnail hentry category-noticias-de-marblanc\"><div class=\"gb-container gb-container-9b42971a\">\n<div class=\"gb-container gb-container-80c3833e\" style=\"background-image: url(https:\/\/marblancsolar.com\/wp-content\/uploads\/2025\/08\/marblanc-solar-interview-on-ask-experts-youtube-channel.jpg?wsr);\"><a class=\"gb-container-link\" href=\"https:\/\/marblancsolar.com\/es\/marblanc-solar-se-une-a-darren-simons-de-cloud-nine-spain-en-el-canal-de-youtube-pregunta-a-los-expertos\/\"><\/a>\n<div class=\"gb-container gb-container-16493c53\">\n<h4 class=\"gb-headline gb-headline-d571b26a gb-headline-text\">Marblanc Solar se une a Darren Simons de Cloud Nine Spain en el canal de YouTube \u00abPregunta a los expertos<\/h4>\n<\/div>\n<\/div>\n<\/div><\/div>\n<\/div>\n\n<\/div>\n<\/div>","protected":false},"excerpt":{"rendered":"<p>Descubre nuestras \u00faltimas noticias y actualizaciones del equipo de Marblanc Solar.<\/p>\n","protected":false},"author":2,"featured_media":0,"parent":0,"menu_order":0,"comment_status":"closed","ping_status":"closed","template":"","meta":{"_acf_changed":false,"footnotes":""},"class_list":["post-5884","page","type-page","status-publish"],"acf":[],"aioseo_notices":[],"_links":{"self":[{"href":"https:\/\/marblancsolar.com\/es\/wp-json\/wp\/v2\/pages\/5884","targetHints":{"allow":["GET"]}}],"collection":[{"href":"https:\/\/marblancsolar.com\/es\/wp-json\/wp\/v2\/pages"}],"about":[{"href":"https:\/\/marblancsolar.com\/es\/wp-json\/wp\/v2\/types\/page"}],"author":[{"embeddable":true,"href":"https:\/\/marblancsolar.com\/es\/wp-json\/wp\/v2\/users\/2"}],"replies":[{"embeddable":true,"href":"https:\/\/marblancsolar.com\/es\/wp-json\/wp\/v2\/comments?post=5884"}],"version-history":[{"count":1,"href":"https:\/\/marblancsolar.com\/es\/wp-json\/wp\/v2\/pages\/5884\/revisions"}],"predecessor-version":[{"id":5885,"href":"https:\/\/marblancsolar.com\/es\/wp-json\/wp\/v2\/pages\/5884\/revisions\/5885"}],"wp:attachment":[{"href":"https:\/\/marblancsolar.com\/es\/wp-json\/wp\/v2\/media?parent=5884"}],"curies":[{"name":"wp","href":"https:\/\/api.w.org\/{rel}","templated":true}]}}