{"id":6123,"date":"2025-11-26T06:56:03","date_gmt":"2025-11-26T06:56:03","guid":{"rendered":"https:\/\/marblancsolar.com\/oficinas\/"},"modified":"2025-12-11T15:35:03","modified_gmt":"2025-12-11T15:35:03","slug":"oficinas","status":"publish","type":"page","link":"https:\/\/marblancsolar.com\/es\/oficinas\/","title":{"rendered":"Oficinas"},"content":{"rendered":"<div class=\"gb-container gb-container-dc9395b4\">\n<div class=\"gb-container gb-container-25b16727\">\n<div class=\"gb-container gb-container-23ed7c7e\">\n<div class=\"gb-container gb-container-371305cf\">\n<div class=\"gb-container gb-container-af6d521f\">\n<div class=\"gb-container gb-container-48278461\">\n\n<h2 class=\"gb-headline gb-headline-db5ed219 gb-headline-text\">Oficinas de Marblanc Solar en Espa\u00f1a<\/h2>\n\n<\/div>\n<\/div>\n\n<div class=\"gb-container gb-container-ea7effb2\">\n\n<p class=\"gb-headline gb-headline-2081e6e7 gb-headline-text\"><a href=\"https:\/\/marblancsolar.com\/es\/\" title=\"Inicio\">Marblanc Solar<\/a> es un instalador de paneles solares que cubre la Costa del Sol y la Costa Blanca en Espa\u00f1a.  <\/p>\n\n\n\n<p class=\"has-text-align-left\">Abrimos nuestra primera <a href=\"https:\/\/maps.app.goo.gl\/n8A7LuiGGjs39K7H6\" title=\"\">oficina de Marblanc Solar en Marbella<\/a> en 2022. Esta oficina atiende a toda la regi\u00f3n de la Costa del Sol y un poco m\u00e1s all\u00e1, desde <a href=\"https:\/\/marblancsolar.com\/solar-installations\/marbella\/sotogrande\/\" title=\"Sotogrande\">Sotogrande<\/a> por el oeste hasta <a href=\"https:\/\/marblancsolar.com\/solar-installations\/marbella\/almunecar\/\" title=\"Almu&#xF1;&#xE9;car\">Almu\u00f1\u00e9car<\/a> por el este. Tambi\u00e9n atendemos a pueblos del interior como <a href=\"https:\/\/marblancsolar.com\/solar-installations\/marbella\/alhaurin-el-grande\/\" title=\"Alhaur&#xED;n el Grande\">Alhaur\u00edn de la Torre<\/a>, <a href=\"https:\/\/marblancsolar.com\/solar-installations\/marbella\/alora\/\" title=\"&#xC1;lora\">\u00c1lora<\/a>, <a href=\"https:\/\/marblancsolar.com\/solar-installations\/marbella\/istan\/\" title=\"Ist&#xE1;n\">Ist\u00e1n<\/a>, <a href=\"https:\/\/marblancsolar.com\/solar-installations\/marbella\/ojen\/\" title=\"Oj&#xE9;n\">Oj\u00e9n<\/a>, Ronda, Granada y muchos m\u00e1s.<\/p>\n\n\n\n<p class=\"has-text-align-left\">Abrimos la <a href=\"https:\/\/marblancsolar.com\/es\/oficinas\/javea\/\" title=\"Javea\">oficina de Marblanc Solar en J\u00e1vea<\/a> en 2025. Esta oficina da servicio a toda la regi\u00f3n de la Costa Blanca, desde Torrevieja en el sur hasta Denia en el norte. Tambi\u00e9n damos servicio a poblaciones del interior como Hond\u00f3n de las Nieves, Sax, Polop, Pinoso, Catral, La Romana, etc.  <\/p>\n\n\n\n<p class=\"has-text-align-left\">A continuaci\u00f3n encontrar\u00e1s los datos de contacto de cada oficina, o solicita ahora una <a href=\"https:\/\/marblancsolar.com\/es\/estudio-solar-gratuito\/\" title=\"Estudio solar gratuito\">Encuesta Solar Gratuita<\/a> y un ingeniero local se pondr\u00e1 en contacto contigo en el plazo de 1 d\u00eda laborable.<\/p>\n\n<\/div>\n<\/div>\n<\/div>\n<\/div>\n<\/div><section class=\"gb-container gb-container-e92ce807\"><\/section><div class=\"gb-container gb-container-0ef2e187\">\n<div class=\"gb-container gb-container-48a7c540\">\n\n<h3 class=\"gb-headline gb-headline-c14f72cd gb-headline-text\">Oficinas Solares Marblanc<\/h3>\n\n<\/div>\n<\/div><div class=\"gb-container gb-container-10316c9a\" id=\"see-projects\">\n<div class=\"gb-container gb-container-73c0ca63\">\n\n<div class=\"gb-grid-wrapper gb-grid-wrapper-7cf66965 gb-query-loop-wrapper\">\n<div class=\"gb-grid-column gb-grid-column-9b42971a gb-query-loop-item post-6232 page type-page status-publish has-post-thumbnail\"><div class=\"gb-container gb-container-9b42971a\">\n<div class=\"gb-container gb-container-80c3833e\" style=\"background-image: url(https:\/\/marblancsolar.com\/wp-content\/uploads\/2025\/12\/marblanc-solar-javea-office-location.png?wsr);\"><a class=\"gb-container-link\" href=\"https:\/\/marblancsolar.com\/es\/oficinas\/javea\/\"><\/a>\n<div class=\"gb-container gb-container-16493c53\">\n<h4 class=\"gb-headline gb-headline-d571b26a gb-headline-text\">Javea<\/h4>\n<\/div>\n<\/div>\n<\/div><\/div>\n\n<div class=\"gb-grid-column gb-grid-column-9b42971a gb-query-loop-item post-6137 page type-page status-publish has-post-thumbnail\"><div class=\"gb-container gb-container-9b42971a\">\n<div class=\"gb-container gb-container-80c3833e\" style=\"background-image: url(https:\/\/marblancsolar.com\/wp-content\/uploads\/2025\/11\/marblanc-solar-office-marbella.png?wsr);\"><a class=\"gb-container-link\" href=\"https:\/\/marblancsolar.com\/es\/oficinas\/marbella\/\"><\/a>\n<div class=\"gb-container gb-container-16493c53\">\n<h4 class=\"gb-headline gb-headline-d571b26a gb-headline-text\">Marbella<\/h4>\n<\/div>\n<\/div>\n<\/div><\/div>\n<\/div>\n\n<\/div>\n<\/div>","protected":false},"excerpt":{"rendered":"<p>Marblanc Solar tiene dos oficinas: una en Marbella, en la Costa del Sol, y otra en J\u00e1vea, en la Costa Blanca.<\/p>\n","protected":false},"author":4,"featured_media":0,"parent":0,"menu_order":0,"comment_status":"closed","ping_status":"closed","template":"","meta":{"_acf_changed":false,"footnotes":""},"class_list":["post-6123","page","type-page","status-publish"],"acf":[],"aioseo_notices":[],"_links":{"self":[{"href":"https:\/\/marblancsolar.com\/es\/wp-json\/wp\/v2\/pages\/6123","targetHints":{"allow":["GET"]}}],"collection":[{"href":"https:\/\/marblancsolar.com\/es\/wp-json\/wp\/v2\/pages"}],"about":[{"href":"https:\/\/marblancsolar.com\/es\/wp-json\/wp\/v2\/types\/page"}],"author":[{"embeddable":true,"href":"https:\/\/marblancsolar.com\/es\/wp-json\/wp\/v2\/users\/4"}],"replies":[{"embeddable":true,"href":"https:\/\/marblancsolar.com\/es\/wp-json\/wp\/v2\/comments?post=6123"}],"version-history":[{"count":3,"href":"https:\/\/marblancsolar.com\/es\/wp-json\/wp\/v2\/pages\/6123\/revisions"}],"predecessor-version":[{"id":6235,"href":"https:\/\/marblancsolar.com\/es\/wp-json\/wp\/v2\/pages\/6123\/revisions\/6235"}],"wp:attachment":[{"href":"https:\/\/marblancsolar.com\/es\/wp-json\/wp\/v2\/media?parent=6123"}],"curies":[{"name":"wp","href":"https:\/\/api.w.org\/{rel}","templated":true}]}}