{"id":6125,"date":"2025-11-11T18:59:04","date_gmt":"2025-11-11T18:59:04","guid":{"rendered":"https:\/\/marblancsolar.com\/estudio-solar-gratuito\/"},"modified":"2025-12-05T16:05:10","modified_gmt":"2025-12-05T16:05:10","slug":"estudio-solar-gratuito","status":"publish","type":"page","link":"https:\/\/marblancsolar.com\/es\/estudio-solar-gratuito\/","title":{"rendered":"Estudio solar gratuito"},"content":{"rendered":"\n<div class=\"gb-element-943878f0\">\n<div class=\"gb-element-caac5bb5\"><div class=\"gb-container gb-container-cb6a0dfb\">\n\n<p class=\"gb-text gb-text-14432147\">Mira el v\u00eddeo para que nuestro ingeniero top\u00f3grafo cualificado, <a href=\"https:\/\/marblancsolar.com\/es\/nuestro-equipo\/alan-manning\/\" title=\"Alan Manning\">Alan Manning<\/a>, te explique c\u00f3mo funciona.<\/p>\n\n<\/div><\/div>\n\n\n<div class=\"gb-container gb-container-ef558e9c\">\n<div class=\"gb-container gb-container-0b610781\">\n\n<figure class=\"wp-block-embed is-type-video is-provider-vimeo wp-block-embed-vimeo wp-embed-aspect-9-16 wp-has-aspect-ratio\"><div class=\"wp-block-embed__wrapper\">\n<iframe loading=\"lazy\" title=\"free-solar-survey-overview-by-alan-manning-marblanc-solar\" src=\"https:\/\/player.vimeo.com\/video\/1108992876?dnt=1&amp;app_id=122963\" width=\"563\" height=\"1000\" frameborder=\"0\" allow=\"autoplay; fullscreen; picture-in-picture; clipboard-write; encrypted-media; web-share\" referrerpolicy=\"strict-origin-when-cross-origin\"><\/iframe>\n<\/div><\/figure>\n\n<\/div>\n<\/div><\/div>\n\n\n<section class=\"gb-container gb-container-562aef2a\">\n<div class=\"gb-container gb-container-8128fcd8\">\n<div class=\"gb-container gb-container-aad7b4c8\">\n\n<h2 class=\"gb-headline gb-headline-d3d7bfe7 gb-headline-text\"><mark class=\"has-inline-color has-accent-color\">Qu\u00e9 esperar<\/mark> de tu estudio solar gratuito<\/h2>\n\n<\/div>\n\n<div class=\"gb-container gb-container-876eb6e4\">\n\n<h3 class=\"gb-headline gb-headline-956554cd gb-headline-text\" id=\"free-solar-survey\">Paso 1: Breve visita al lugar<\/h3>\n\n\n\n<p class=\"gb-headline gb-headline-fdd1e650 gb-headline-text\">Cuando te pongas en contacto con <a href=\"https:\/\/marblancsolar.com\/es\/\" target=\"_blank\" rel=\"noopener\" title=\"Inicio\">Marblanc<\/a> Solar para una encuesta, obtendr\u00e1s:<\/p>\n\n\n\n<ul class=\"wp-block-list\">\n<li><strong>Visita a domicilio<\/strong> de uno de nuestros ingenieros top\u00f3grafos cualificados<\/li>\n\n\n\n<li><strong>Inspecci\u00f3n<\/strong> de tu tejado <strong>con un dron<\/strong> <\/li>\n\n\n\n<li><strong>Modelo de rendimiento 3D<\/strong> construido con el software solar l\u00edder del sector, Pylon<\/li>\n\n\n\n<li><strong>Dos propuestas personalizadas<\/strong> para comparar los costes y ahorros previstos<\/li>\n\n\n\n<li>La <strong>estimaci\u00f3n del umbral de rentabilidad<\/strong> se detalla en cada propuesta<\/li>\n<\/ul>\n\n\n\n<p>Rellena el siguiente formulario y recibir\u00e1s una llamada para programar tu estudio solar gratuito en el plazo de un d\u00eda laborable.<\/p>\n\n\n\n<h3 class=\"gb-headline gb-headline-b4693dd2 gb-headline-text\">Paso 2: Propuesta personalizada  <\/h3>\n\n\n\n<p class=\"gb-headline gb-headline-77e7335c gb-headline-text\">Tras completar el estudio solar gratuito, nuestro ingeniero vuelve a la oficina para crear el modelo 3D. El escaneado del dron ayudar\u00e1 a nuestro software a trazar la ubicaci\u00f3n ideal de los paneles, teniendo en cuenta el \u00e1ngulo, la orientaci\u00f3n, las horas de sol y las sombras.   <\/p>\n\n\n\n<p>Entonces concertaremos una segunda visita.<\/p>\n\n\n\n<p>Esta vez, el ingeniero explicar\u00e1 las propuestas y responder\u00e1 a cualquier pregunta.<\/p>\n\n\n\n<p class=\"gb-headline gb-headline-33892507 gb-headline-text\">Gracias a nuestro software de vanguardia, podemos ajustar los equipos y las ubicaciones de las instalaciones en tiempo real, y mostrarte los cambios resultantes en rendimiento, costes y ahorro.  <\/p>\n\n\n\n<p class=\"gb-headline gb-headline-26a8da6b gb-headline-text\">Te dejamos con la propuesta final para que la consideres.<\/p>\n\n\n\n<p>No hay ninguna obligaci\u00f3n de proceder.<\/p>\n\n<\/div>\n<\/div>\n<\/section>\n\n<div class=\"gb-container gb-container-c2f65c7c\">\n<div class=\"gb-container gb-container-80d2ee4b\">\n<div class=\"gb-container gb-container-8afc3053\">\n\n<h3 class=\"gb-headline gb-headline-09f2d697 gb-headline-text\">Consigue un estudio solar gratuito*.<\/h3>\n\n\n\n<p class=\"gb-headline gb-headline-9fab8cf7 gb-headline-text\"><em>*El estudio solar gratuito incluye una visita gratuita al emplazamiento, un escaneado con dron, un modelo de rendimiento en 3D, una estimaci\u00f3n de savins y una propuesta detallada.<\/em><\/p>\n\n<\/div>\n\n<div class=\"gb-container gb-container-a3c60e8d\">\n\n<div class=\"calculator\" data-calc-id=\"dRgcAyPqCNmjfoZdt\" data-type=\"framed\" ><\/div>\n\n<\/div>\n<\/div>\n<\/div>","protected":false},"excerpt":{"rendered":"<p>Obt\u00e9n m\u00e1s informaci\u00f3n sobre el Estudio Solar Gratuito de Marblanc Solar y c\u00f3mo responder\u00e1 a todas tus preguntas sobre la energ\u00eda solar.<\/p>\n","protected":false},"author":2,"featured_media":0,"parent":0,"menu_order":0,"comment_status":"closed","ping_status":"closed","template":"","meta":{"_acf_changed":false,"footnotes":""},"class_list":["post-6125","page","type-page","status-publish"],"acf":[],"aioseo_notices":[],"_links":{"self":[{"href":"https:\/\/marblancsolar.com\/es\/wp-json\/wp\/v2\/pages\/6125","targetHints":{"allow":["GET"]}}],"collection":[{"href":"https:\/\/marblancsolar.com\/es\/wp-json\/wp\/v2\/pages"}],"about":[{"href":"https:\/\/marblancsolar.com\/es\/wp-json\/wp\/v2\/types\/page"}],"author":[{"embeddable":true,"href":"https:\/\/marblancsolar.com\/es\/wp-json\/wp\/v2\/users\/2"}],"replies":[{"embeddable":true,"href":"https:\/\/marblancsolar.com\/es\/wp-json\/wp\/v2\/comments?post=6125"}],"version-history":[{"count":4,"href":"https:\/\/marblancsolar.com\/es\/wp-json\/wp\/v2\/pages\/6125\/revisions"}],"predecessor-version":[{"id":6213,"href":"https:\/\/marblancsolar.com\/es\/wp-json\/wp\/v2\/pages\/6125\/revisions\/6213"}],"wp:attachment":[{"href":"https:\/\/marblancsolar.com\/es\/wp-json\/wp\/v2\/media?parent=6125"}],"curies":[{"name":"wp","href":"https:\/\/api.w.org\/{rel}","templated":true}]}}