{"id":6137,"date":"2025-11-26T07:13:36","date_gmt":"2025-11-26T07:13:36","guid":{"rendered":"https:\/\/marblancsolar.com\/oficinas\/marbella\/"},"modified":"2025-11-26T16:48:37","modified_gmt":"2025-11-26T16:48:37","slug":"marbella","status":"publish","type":"page","link":"https:\/\/marblancsolar.com\/es\/oficinas\/marbella\/","title":{"rendered":"Marbella"},"content":{"rendered":"<section class=\"gb-container gb-container-562aef2a\">\n<div class=\"gb-container gb-container-8128fcd8\">\n<div class=\"gb-container gb-container-aad7b4c8\">\n\n<h2 class=\"gb-headline gb-headline-d3d7bfe7 gb-headline-text\">Instalador de paneles solares en Marbella<\/h2>\n\n<\/div>\n\n<div class=\"gb-container gb-container-876eb6e4\">\n\n<p>\u00bfBuscas un instalador de paneles solares en Marbella?<\/p>\n\n\n\n<p class=\"gb-headline gb-headline-fdd1e650 gb-headline-text\"><a href=\"http:\/\/home\" title=\"\">Marblanc Solar<\/a> es un instalador de paneles solares con sede en Marbella, en la Costa del Sol espa\u00f1ola. Estamos orgullosos de ser el instalador solar mejor valorado de la zona, con m\u00e1s de 90 opiniones de cinco estrellas en nuestros perfiles de <a href=\"https:\/\/maps.app.goo.gl\/6ynuXSvSAngRyetR7\" title=\"\">Google<\/a> y <a href=\"https:\/\/www.facebook.com\/p\/Marblanc-Solar-100093673091068\/\" title=\"\">Facebook<\/a>. <\/p>\n\n\n\n<p>Puedes encontrar m\u00e1s informaci\u00f3n <a href=\"https:\/\/marblancsolar.com\/es\/sobre-nosotros\/\" title=\"Sobre nosotros\">sobre nosotros<\/a> aqu\u00ed.  <\/p>\n\n\n\n<p class=\"gb-headline gb-headline-09e93f1f gb-headline-text\">Instalamos <a href=\"https:\/\/marblancsolar.com\/es\/servicios\/paneles-solares\/\" title=\"Paneles solares\">paneles solares<\/a>, <a href=\"https:\/\/marblancsolar.com\/es\/servicios\/baterias-solares\/\" title=\"Bater\u00eda solar\">bater\u00edas solares<\/a> e inversores solares, y te ayudamos a cambiar a una nueva tarifa regulada con una <a href=\"https:\/\/marblancsolar.com\/es\/servicios\/bateria-virtual\/\" title=\"Bater\u00eda virtual\">bater\u00eda virtual<\/a>. Como parte de nuestros servicios de <a href=\"https:\/\/marblancsolar.com\/es\/servicios\/servicios-posventa\/\" title=\"Asistencia posterior a la instalaci\u00f3n\">asistencia postinstalaci\u00f3n <\/a>, te ayudamos a configurar los temporizadores de los enchufes y a optimizar tus circuitos el\u00e9ctricos para reducir tu consumo y maximizar el ahorro.  <\/p>\n\n\n\n<p class=\"gb-headline gb-headline-406e6b63 gb-headline-text\">Consulta aqu\u00ed una selecci\u00f3n de nuestras \u00faltimas <a href=\"https:\/\/marblancsolar.com\/solar-installations\/marbella\/marbella\/\" title=\"Marbella\">instalaciones solares en Marbella<\/a>.<\/p>\n\n<\/div>\n<\/div>\n<\/section><div class=\"gb-container gb-container-d10517aa\">\n<div class=\"gb-container gb-container-037f8664\">\n<div class=\"gb-container gb-container-445a532b\">\n<div class=\"gb-container gb-container-4df732dc\">\n\n\n\n<\/div>\n<\/div>\n<\/div>\n<\/div><div class=\"gb-container gb-container-d94bcf3e\">\n<div class=\"gb-container gb-container-f986c0d8\">\n<div class=\"gb-container gb-container-d79a9457\">\n<div class=\"gb-container gb-container-ec379ab9\">\n\n\n\n<\/div>\n<\/div>\n<\/div>\n<\/div><section class=\"gb-container gb-container-c14d7baa\">\n<div class=\"gb-container gb-container-83bdce43\">\n<div class=\"gb-container gb-container-ed536332\">\n\n<h2 class=\"gb-headline gb-headline-5aaec96f gb-headline-text\">Contacta con nosotros  <\/h2>\n\n<\/div>\n\n<div class=\"gb-container gb-container-29edea01\">\n\n<p>Ofrecemos a todos los clientes nuevos un Estudio Solar Gratuito que incluye:<\/p>\n\n\n\n<ul class=\"wp-block-list\">\n<li><strong>Visita a domicilio<\/strong> de uno de nuestros ingenieros top\u00f3grafos cualificados<\/li>\n\n\n\n<li><strong>Inspecci\u00f3n<\/strong> de tu tejado <strong>con un dron<\/strong> <\/li>\n\n\n\n<li><strong>Modelo de rendimiento 3D<\/strong> construido con el software solar l\u00edder del sector, Pylon<\/li>\n\n\n\n<li><strong>Dos propuestas personalizadas<\/strong> para comparar los costes y ahorros previstos<\/li>\n\n\n\n<li>La <strong>estimaci\u00f3n del umbral de rentabilidad<\/strong> se detalla en cada propuesta<\/li>\n<\/ul>\n\n\n\n<p>Si quieres reservar un estudio solar gratuito para tu propiedad en la Costa del Sol, puedes hacerlo<strong><a href=\"https:\/\/marblancsolar.com\/es\/estudio-solar-gratuito\/\" title=\"Estudio solar gratuito\"> rellenando este formulario<\/a><\/strong>.<\/p>\n\n\n\n<p>Si no, no dudes en ponerte en contacto con nosotros para cualquier pregunta por tel\u00e9fono, correo electr\u00f3nico o en nuestra oficina de Marbella.<\/p>\n\n<\/div>\n<\/div>\n<\/section><section class=\"gb-container gb-container-7a3ca9c6\">\n<div class=\"gb-container gb-container-7c220c62\">\n<div class=\"gb-container gb-container-ef0950a9\">\n\n<h2 class=\"gb-headline gb-headline-8cb9d009 gb-headline-text\">Datos de contacto<\/h2>\n\n<\/div>\n\n<div class=\"gb-container gb-container-0b1f3b34\">\n\n<h4 class=\"gb-headline gb-headline-87b49931 gb-headline-text\">Ponte en contacto con<\/h4>\n\n\n\n<p class=\"gb-headline gb-headline-668777fe gb-headline-text\"><a href=\"https:\/\/www.google.com\/maps\/place\/Marblanc+Solar\/@36.5115591,-4.8923695,896m\/data=!3m2!1e3!4b1!4m6!3m5!1s0x205e2782cca7e941:0xa73f0361517c2470!8m2!3d36.5115591!4d-4.8897892!16s%2Fg%2F11vwvzqrhj?entry=ttu&amp;g_ep=EgoyMDI1MDUyMS4wIKXMDSoASAFQAw%3D%3D\" title=\"\">C. del Calvario, 8, 29601 Marbella, M\u00e1laga<\/a><\/p>\n\n\n\n<div class=\"gb-headline gb-headline-83a4a4b6 gb-headline-text\"><a href=\"mailto:enquiries@marblancsolar.com\">enquiries@marblancsolar.com<\/a><\/div>\n\n\n\n<div class=\"gb-headline gb-headline-142f3436 gb-headline-text\"><a href=\"tel:+34951823083\" data-type=\"tel\" data-id=\"tel:+180088800\">+34 951 82 30 83<\/a><\/div>\n\n\n<div class=\"gb-container gb-container-f89c6d6d\">\n\n<a class=\"gb-button gb-button-bbbbc36b\" href=\"https:\/\/www.instagram.com\/marblancsolar\/\" aria-label=\"instagram link\"><span class=\"gb-icon\"><\/span><\/a>\n\n\n\n<a class=\"gb-button gb-button-f7984a53\" href=\"https:\/\/www.facebook.com\/p\/Marblanc-Electrical-100093673091068\/\" aria-label=\"facebook link\"><span class=\"gb-icon\"><\/span><\/a>\n\n\n\n<a class=\"gb-button gb-button-38904444\" href=\"https:\/\/www.tiktok.com\/@marblanc.solar\/\" aria-label=\"facebook link\"><span class=\"gb-icon\"><\/span><\/a>\n\n<\/div>\n<\/div>\n<\/div>\n<\/section>","protected":false},"excerpt":{"rendered":"<p>Marblanc Solar es un instalador de paneles solares con sede en Marbella, en la Costa del Sol. Somos la empresa solar mejor valorada, con m\u00e1s de 90 opiniones de 5 estrellas. <\/p>\n","protected":false},"author":2,"featured_media":6135,"parent":6123,"menu_order":0,"comment_status":"closed","ping_status":"closed","template":"","meta":{"_acf_changed":false,"footnotes":""},"class_list":["post-6137","page","type-page","status-publish","has-post-thumbnail"],"acf":[],"aioseo_notices":[],"_links":{"self":[{"href":"https:\/\/marblancsolar.com\/es\/wp-json\/wp\/v2\/pages\/6137","targetHints":{"allow":["GET"]}}],"collection":[{"href":"https:\/\/marblancsolar.com\/es\/wp-json\/wp\/v2\/pages"}],"about":[{"href":"https:\/\/marblancsolar.com\/es\/wp-json\/wp\/v2\/types\/page"}],"author":[{"embeddable":true,"href":"https:\/\/marblancsolar.com\/es\/wp-json\/wp\/v2\/users\/2"}],"replies":[{"embeddable":true,"href":"https:\/\/marblancsolar.com\/es\/wp-json\/wp\/v2\/comments?post=6137"}],"version-history":[{"count":2,"href":"https:\/\/marblancsolar.com\/es\/wp-json\/wp\/v2\/pages\/6137\/revisions"}],"predecessor-version":[{"id":6139,"href":"https:\/\/marblancsolar.com\/es\/wp-json\/wp\/v2\/pages\/6137\/revisions\/6139"}],"up":[{"embeddable":true,"href":"https:\/\/marblancsolar.com\/es\/wp-json\/wp\/v2\/pages\/6123"}],"wp:featuredmedia":[{"embeddable":true,"href":"https:\/\/marblancsolar.com\/es\/wp-json\/wp\/v2\/media\/6135"}],"wp:attachment":[{"href":"https:\/\/marblancsolar.com\/es\/wp-json\/wp\/v2\/media?parent=6137"}],"curies":[{"name":"wp","href":"https:\/\/api.w.org\/{rel}","templated":true}]}}