{"id":6341,"date":"2025-12-26T12:48:48","date_gmt":"2025-12-26T12:48:48","guid":{"rendered":"https:\/\/marblancsolar.com\/solar-comercial\/"},"modified":"2026-02-01T14:55:32","modified_gmt":"2026-02-01T14:55:32","slug":"solar-comercial","status":"publish","type":"page","link":"https:\/\/marblancsolar.com\/es\/servicios\/solar-comercial\/","title":{"rendered":"Solar comercial"},"content":{"rendered":"<section class=\"gb-container gb-container-562aef2a\">\n<div class=\"gb-container gb-container-8128fcd8\">\n<div class=\"gb-container gb-container-aad7b4c8\">\n\n<h2 class=\"gb-headline gb-headline-d3d7bfe7 gb-headline-text\">Instalaciones de paneles solares para edificios comerciales en Espa\u00f1a<\/h2>\n\n<\/div>\n\n<div class=\"gb-container gb-container-876eb6e4\">\n\n<p class=\"gb-headline gb-headline-49fd911e gb-headline-text\">Las empresas que gestionan locales comerciales en Espa\u00f1a se enfrentan a menudo a costes de electricidad m\u00e1s elevados que los propietarios de viviendas, y cuando la inflaci\u00f3n sube o los mercados energ\u00e9ticos se tambalean, suelen ser las primeras y m\u00e1s duras en sentir el impacto.  <\/p>\n\n\n\n<p>Por eso <a href=\"https:\/\/marblancsolar.com\/es\/\" title=\"Inicio\">Marblanc Solar<\/a> ayuda a las empresas a reducir el gasto el\u00e9ctrico en un 80% o m\u00e1s con paneles solares para edificios comerciales.<\/p>\n\n\n\n<p>\u00bfQuieres ver cu\u00e1nto ahorrar\u00e1s con una instalaci\u00f3n de paneles solares comerciales en Espa\u00f1a?<\/p>\n\n\n\n<p>Solicita hoy mismo un <a href=\"https:\/\/marblancsolar.com\/es\/estudio-solar-gratuito\/\" title=\"Estudio solar gratuito\">Estudio Solar Gratuito<\/a> y te ofreceremos una visita gratuita a tu casa, una inspecci\u00f3n con dron, un modelo de rendimiento en 3D, dos propuestas personalizadas y una estimaci\u00f3n del umbral de rentabilidad de cada una.<\/p>\n\n\n\n<p>O llama ahora a Marblanc Solar al <a href=\"tel:+34951823083\"><strong>+34 951 82 30 83<\/strong><\/a>.<\/p>\n\n<\/div>\n<\/div>\n<\/section>\n\n<div class=\"gb-container gb-container-f8e9cf74\">\n<div class=\"gb-grid-wrapper gb-grid-wrapper-2d0a2122\">\n<div class=\"gb-grid-column gb-grid-column-f9dcd14e\"><div class=\"gb-container gb-container-f9dcd14e\"><\/div><\/div>\n\n<div class=\"gb-grid-column gb-grid-column-7b0f31a8\"><div class=\"gb-container gb-container-7b0f31a8\">\n\n<p class=\"gb-headline gb-headline-ac3882aa gb-headline-text\">&#8211;<\/p>\n\n<\/div><\/div>\n\n<div class=\"gb-grid-column gb-grid-column-7da620dc\"><div class=\"gb-container gb-container-7da620dc\"><\/div><\/div>\n<\/div>\n<\/div>\n\n<section class=\"gb-container gb-container-726ba984\">\n<div class=\"gb-container gb-container-d2e38728\">\n<div class=\"gb-container gb-container-41fbba2c\">\n\n<h2 class=\"gb-headline gb-headline-4f63d110 gb-headline-text\">Por qu\u00e9 instalar tu sistema de energ\u00eda solar comercial con Marblanc Solar<\/h2>\n\n<\/div>\n\n<div class=\"gb-container gb-container-b56f6841\">\n\n<p class=\"gb-headline gb-headline-f498572d gb-headline-text\"><a href=\"https:\/\/marblancsolar.com\/es\/\" title=\"Inicio\">Marblanc Solar<\/a> es uno de los instaladores solares mejor valorados de Espa\u00f1a. Atendemos a clientes comerciales en la Costa del Sol y la Costa Blanca.   <\/p>\n\n\n\n<p>Marblanc Solar fue fundada en 2022 por <a href=\"https:\/\/marblancsolar.com\/es\/nuestro-equipo\/adam-millington\/\" title=\"Adam Millington\">el electricista cualificado Adam Millington<\/a>, y r\u00e1pidamente se convirti\u00f3 en uno de los instaladores solares mejor valorados de Marbella. Nuestro crecimiento se atribuye a nuestro proceso de <a href=\"https:\/\/marblancsolar.com\/es\/estudio-solar-gratuito\/\" title=\"Estudio solar gratuito\">Estudio Solar Gratuito<\/a> y a nuestro s\u00f3lido <a href=\"https:\/\/marblancsolar.com\/es\/servicios\/servicios-posventa\/\" title=\"Asistencia posterior a la instalaci\u00f3n\">apoyo posterior a la instalaci\u00f3n<\/a>.   <\/p>\n\n\n\n<p class=\"gb-headline gb-headline-75ab8436 gb-headline-text\">\u00c9stas son las principales razones para elegir Marblanc Solar:<\/p>\n\n\n\n<ul class=\"wp-block-list\">\n<li>M\u00e1s de 95 <a href=\"https:\/\/marblancsolar.com\/es\/resenas\/\" title=\"\">opiniones<\/a> de cinco estrellas<\/li>\n\n\n\n<li><a href=\"https:\/\/marblancsolar.com\/es\/estudio-solar-gratuito\/\" title=\"Estudio solar gratuito\">Estudio solar gratuito<\/a> que incluye escaneado con dron, modelo de rendimiento, estimaci\u00f3n del ahorro y del periodo de amortizaci\u00f3n<\/li>\n\n\n\n<li>Equipo cualificado de electricistas, ingenieros top\u00f3grafos e ingenieros civiles<\/li>\n\n\n\n<li>\u00danico instalador espa\u00f1ol que ofrece una garant\u00eda de mano de obra de 25 a\u00f1os<\/li>\n\n\n\n<li>Los <a href=\"https:\/\/marblancsolar.com\/es\/servicios\/servicios-posventa\/\" title=\"Asistencia posterior a la instalaci\u00f3n\">servicios posteriores a la instalaci\u00f3n<\/a> incluyen legalizaci\u00f3n completa, control del consumo, revisiones anuales gratuitas y comparaci\u00f3n virtual de bater\u00edas<\/li>\n<\/ul>\n\n<\/div>\n<\/div>\n<\/section>\n\n<div class=\"gb-container gb-container-f8e9cf74\">\n<div class=\"gb-grid-wrapper gb-grid-wrapper-2d0a2122\">\n<div class=\"gb-grid-column gb-grid-column-f9dcd14e\"><div class=\"gb-container gb-container-f9dcd14e\"><\/div><\/div>\n\n<div class=\"gb-grid-column gb-grid-column-7b0f31a8\"><div class=\"gb-container gb-container-7b0f31a8\">\n\n<p class=\"gb-headline gb-headline-ac3882aa gb-headline-text\">&#8211;<\/p>\n\n<\/div><\/div>\n\n<div class=\"gb-grid-column gb-grid-column-7da620dc\"><div class=\"gb-container gb-container-7da620dc\"><\/div><\/div>\n<\/div>\n<\/div>\n\n<div class=\"gb-container gb-container-1a3a9447\">\n<div class=\"gb-container gb-container-d8c8aee2\">\n<div class=\"gb-container gb-container-5ea24bd8\">\n\n<h2 class=\"gb-headline gb-headline-9b21198c gb-headline-text\">Resultados probados<\/h2>\n\n\n<div class=\"gb-container gb-container-ddd24ef3\">\n\n<p class=\"gb-headline gb-headline-895ced76 gb-headline-text\">Mira c\u00f3mo Marblanc Solar ayud\u00f3 a un cliente de <a href=\"https:\/\/marblancsolar.com\/es\/instalacion-61-paneles-solares-20kwh-bateria-solar-benahavis\/\" title=\"Instalaci\u00f3n de 61 paneles solares y una bater\u00eda de 20,7 kWh en Benahav\u00eds\">Benahav\u00eds<\/a> a reducir su factura mensual de 3.766 \u20ac a 736 \u20ac tras instalar 61 paneles solares y 20,7 kWh en bater\u00edas solares. Eso supone un ahorro de m\u00e1s de 30.000 euros al a\u00f1o.   <\/p>\n\n\n\n<p class=\"gb-headline gb-headline-30432086 gb-headline-text\">Consulta m\u00e1s proyectos en nuestra p\u00e1gina <a href=\"https:\/\/marblancsolar.com\/es\/servicios\/servicios-posventa\/\" title=\"Asistencia posterior a la instalaci\u00f3n\">Instalaciones<\/a>.<\/p>\n\n<\/div>\n<\/div>\n<\/div>\n<\/div>\n\n<div class=\"gb-container gb-container-6208e64e\">\n<div class=\"gb-container gb-container-67d703bd\">\n<div class=\"gb-container gb-container-082eb51d\">\n\n<figure class=\"gb-block-image gb-block-image-7ddf2a6f\"><img loading=\"lazy\" decoding=\"async\" width=\"1257\" height=\"1257\" class=\"gb-image gb-image-7ddf2a6f\" src=\"https:\/\/marblancsolar.com\/wp-content\/uploads\/2025\/05\/WhatsApp-Image-2025-05-16-at-12.15.33.jpeg\" alt=\"Logotipo de Marblanc Solar Geothermal con un dise\u00f1o circular azul y texto.\" title=\"Imagen de WhatsApp 2025-05-16 a las 12.15.33\" srcset=\"https:\/\/marblancsolar.com\/wp-content\/uploads\/2025\/05\/WhatsApp-Image-2025-05-16-at-12.15.33.jpeg 1257w, https:\/\/marblancsolar.com\/wp-content\/uploads\/2025\/05\/WhatsApp-Image-2025-05-16-at-12.15.33-300x300.jpeg 300w, https:\/\/marblancsolar.com\/wp-content\/uploads\/2025\/05\/WhatsApp-Image-2025-05-16-at-12.15.33-1024x1024.jpeg 1024w, https:\/\/marblancsolar.com\/wp-content\/uploads\/2025\/05\/WhatsApp-Image-2025-05-16-at-12.15.33-150x150.jpeg 150w, https:\/\/marblancsolar.com\/wp-content\/uploads\/2025\/05\/WhatsApp-Image-2025-05-16-at-12.15.33-768x768.jpeg 768w\" sizes=\"auto, (max-width: 1257px) 100vw, 1257px\" \/><\/figure>\n\n<\/div>\n\n<div class=\"gb-container gb-container-a6db0502\">\n\n<figure class=\"gb-block-image gb-block-image-c78e5aa9\"><img loading=\"lazy\" decoding=\"async\" width=\"1235\" height=\"1280\" class=\"gb-image gb-image-c78e5aa9\" src=\"https:\/\/marblancsolar.com\/wp-content\/uploads\/2025\/05\/WhatsApp-Image-2025-05-16-at-12.15.34.jpeg\" alt=\"Logotipo de Marblanc Solar Geothermal con un dise\u00f1o circular azul y texto.\" title=\"Imagen de WhatsApp 2025-05-16 a las 12.15.34\" srcset=\"https:\/\/marblancsolar.com\/wp-content\/uploads\/2025\/05\/WhatsApp-Image-2025-05-16-at-12.15.34.jpeg 1235w, https:\/\/marblancsolar.com\/wp-content\/uploads\/2025\/05\/WhatsApp-Image-2025-05-16-at-12.15.34-289x300.jpeg 289w, https:\/\/marblancsolar.com\/wp-content\/uploads\/2025\/05\/WhatsApp-Image-2025-05-16-at-12.15.34-988x1024.jpeg 988w, https:\/\/marblancsolar.com\/wp-content\/uploads\/2025\/05\/WhatsApp-Image-2025-05-16-at-12.15.34-768x796.jpeg 768w\" sizes=\"auto, (max-width: 1235px) 100vw, 1235px\" \/><\/figure>\n\n<\/div>\n<\/div>\n<\/div>\n\n<div class=\"gb-container gb-container-63483111\">\n<div class=\"gb-grid-wrapper gb-grid-wrapper-528db128\">\n<div class=\"gb-grid-column gb-grid-column-43b43224\"><div class=\"gb-container gb-container-43b43224\"><\/div><\/div>\n\n<div class=\"gb-grid-column gb-grid-column-d4c13906\"><div class=\"gb-container gb-container-d4c13906\">\n\n<p class=\"gb-headline gb-headline-0bde8770 gb-headline-text\">&#8211;<\/p>\n\n<\/div><\/div>\n\n<div class=\"gb-grid-column gb-grid-column-5d11a9aa\"><div class=\"gb-container gb-container-5d11a9aa\"><\/div><\/div>\n<\/div>\n<\/div>\n\n<div class=\"gb-container gb-container-d9a3d49e\">\n<div class=\"gb-container gb-container-421c7073\">\n<div class=\"gb-container gb-container-05cd33a0\">\n\n<h2 class=\"gb-headline gb-headline-bdf6d29f gb-headline-text\">Servicios solares comerciales<\/h2>\n\n\n<div class=\"gb-container gb-container-47b42ae3\">\n\n<p class=\"gb-headline gb-headline-6b44bb91 gb-headline-text\">M\u00e1s informaci\u00f3n sobre nuestros servicios solares para empresas y edificios comerciales en Espa\u00f1a.<\/p>\n\n<\/div>\n<\/div>\n<\/div>\n<\/div>\n\n<div class=\"gb-container gb-container-edee0d6c\">\n<div class=\"gb-container gb-container-62650607\">\n<div class=\"gb-grid-wrapper gb-grid-wrapper-34c870cc\">\n<div class=\"gb-grid-column gb-grid-column-5ac1e6ca\"><div class=\"gb-container gb-container-5ac1e6ca\">\n<div class=\"gb-container gb-container-17971490\"><\/div>\n\n\n<h3 class=\"gb-headline gb-headline-eab7d5b5 gb-headline-text\">Estudio solar gratuito<\/h3>\n\n\n\n<p class=\"gb-headline gb-headline-b8c48246 gb-headline-text\">Todos los proyectos comerciales empiezan con un <a href=\"https:\/\/marblancsolar.com\/es\/estudio-solar-gratuito\/\" title=\"Estudio solar gratuito\">estudio solar gratuito<\/a> dise\u00f1ado para eliminar las conjeturas. Utilizamos escaneados de tejados con drones y software de dise\u00f1o solar l\u00edder del sector para modelar tu edificio con precisi\u00f3n, trazar el espacio de tejado utilizable y dise\u00f1ar el sistema que ofrezca el mejor rendimiento para tu perfil de uso. <\/p>\n\n<\/div><\/div>\n\n<div class=\"gb-grid-column gb-grid-column-fbdf182a\"><div class=\"gb-container gb-container-fbdf182a\">\n<div class=\"gb-container gb-container-4d4920c4\"><\/div>\n\n\n<h3 class=\"gb-headline gb-headline-d411ae45 gb-headline-text\">Instalaciones profesionales<\/h3>\n\n\n\n<p class=\"gb-headline gb-headline-102bf8bd gb-headline-text\">La instalaci\u00f3n de tu sistema corre a cargo de <a href=\"https:\/\/marblancsolar.com\/es\/nuestro-equipo\/\" title=\"Nuestro equipo\">nuestro equipo<\/a> de electricistas cualificados e instaladores solares formados, que siguen m\u00e9todos comerciales de eficacia probada. Nos centramos en rutas de cableado seguras, mano de obra ordenada y una entrega limpia. <\/p>\n\n<\/div><\/div>\n\n<div class=\"gb-grid-column gb-grid-column-257a6841\"><div class=\"gb-container gb-container-257a6841\">\n<div class=\"gb-container gb-container-b7ed9c6e\"><\/div>\n\n\n<h3 class=\"gb-headline gb-headline-12ce4bad gb-headline-text\">Equipamiento y mejoras<\/h3>\n\n\n\n<p class=\"gb-headline gb-headline-88845541 gb-headline-text\">Asesoramos a clientes comerciales sobre las mejoras adecuadas para reducir a\u00fan m\u00e1s la dependencia de la red, e instalamos <a href=\"https:\/\/marblancsolar.com\/es\/servicios\/baterias-solares\/\" title=\"Bater\u00eda solar\">bater\u00edas solares<\/a>, <a href=\"https:\/\/marblancsolar.com\/es\/servicios\/cargadores-de-ve\/\" title=\"Cargadores de VE\">cargadores de veh\u00edculos el\u00e9ctricos<\/a> y cajas de seguridad.<\/p>\n\n<\/div><\/div>\n\n<div class=\"gb-grid-column gb-grid-column-b2037456\"><div class=\"gb-container gb-container-b2037456\">\n<div class=\"gb-container gb-container-eee3455a\"><\/div>\n\n\n<h3 class=\"gb-headline gb-headline-85e2f650 gb-headline-text\">Asistencia posterior a la instalaci\u00f3n<\/h3>\n\n\n\n<p class=\"gb-headline gb-headline-883941f2 gb-headline-text\">Proporcionamos <a href=\"https:\/\/marblancsolar.com\/es\/servicios\/servicios-posventa\/\" title=\"Asistencia posterior a la instalaci\u00f3n\">servicios continuos posteriores a la instalaci\u00f3n<\/a>: supervisi\u00f3n del sistema, garant\u00edas de 25 a\u00f1os para el equipo y la mano de obra, legalizaci\u00f3n completa, <a href=\"https:\/\/marblancsolar.com\/es\/servicios\/bateria-virtual\/\" title=\"Bater\u00eda virtual\">cambio virtual de bater\u00eda<\/a> y revisi\u00f3n anual gratuita. Tambi\u00e9n dispondr\u00e1s de un canal de asistencia directa por WhatsApp abierto los 7 d\u00edas de la semana. <\/p>\n\n<\/div><\/div>\n<\/div>\n<\/div>\n<\/div>","protected":false},"excerpt":{"rendered":"<p>Marblanc Solar ayuda a las empresas a reducir el gasto el\u00e9ctrico en un 80% o m\u00e1s con paneles solares para edificios comerciales en Espa\u00f1a.<\/p>\n","protected":false},"author":2,"featured_media":6607,"parent":1071,"menu_order":0,"comment_status":"closed","ping_status":"closed","template":"","meta":{"_acf_changed":false,"footnotes":""},"class_list":["post-6341","page","type-page","status-publish","has-post-thumbnail"],"acf":[],"aioseo_notices":[],"_links":{"self":[{"href":"https:\/\/marblancsolar.com\/es\/wp-json\/wp\/v2\/pages\/6341","targetHints":{"allow":["GET"]}}],"collection":[{"href":"https:\/\/marblancsolar.com\/es\/wp-json\/wp\/v2\/pages"}],"about":[{"href":"https:\/\/marblancsolar.com\/es\/wp-json\/wp\/v2\/types\/page"}],"author":[{"embeddable":true,"href":"https:\/\/marblancsolar.com\/es\/wp-json\/wp\/v2\/users\/2"}],"replies":[{"embeddable":true,"href":"https:\/\/marblancsolar.com\/es\/wp-json\/wp\/v2\/comments?post=6341"}],"version-history":[{"count":2,"href":"https:\/\/marblancsolar.com\/es\/wp-json\/wp\/v2\/pages\/6341\/revisions"}],"predecessor-version":[{"id":6357,"href":"https:\/\/marblancsolar.com\/es\/wp-json\/wp\/v2\/pages\/6341\/revisions\/6357"}],"up":[{"embeddable":true,"href":"https:\/\/marblancsolar.com\/es\/wp-json\/wp\/v2\/pages\/1071"}],"wp:featuredmedia":[{"embeddable":true,"href":"https:\/\/marblancsolar.com\/es\/wp-json\/wp\/v2\/media\/6607"}],"wp:attachment":[{"href":"https:\/\/marblancsolar.com\/es\/wp-json\/wp\/v2\/media?parent=6341"}],"curies":[{"name":"wp","href":"https:\/\/api.w.org\/{rel}","templated":true}]}}