{"id":7574,"date":"2026-03-06T08:50:35","date_gmt":"2026-03-06T08:50:35","guid":{"rendered":"https:\/\/marblancsolar.com\/instalaciones-fotovoltaicas\/cadiz\/"},"modified":"2026-03-27T16:43:34","modified_gmt":"2026-03-27T16:43:34","slug":"cadiz","status":"publish","type":"page","link":"https:\/\/marblancsolar.com\/es\/instalaciones-fotovoltaicas\/cadiz\/","title":{"rendered":"C\u00e1diz"},"content":{"rendered":"<div class=\"gb-container gb-container-dc9395b4\">\n\n<video loop=\"\" muted=\"\" autoplay=\"\" playsinline=\"\" poster=\"https:\/\/marblancsolar.com\/wp-content\/uploads\/2025\/05\/Benahavis-Solar-Install-1.webp\" class=\"background-video\">\n<source src=\"https:\/\/player.vimeo.com\/progressive_redirect\/playback\/1089040942\/rendition\/1080p\/file.mp4?loc=external&#038;signature=1bb51ba385258c9dc94686d4a8cc2f07ecce862ca253826d09e7df59e2bdb1f8\" type=\"video\/mp4\">\n<\/source><\/video>\n<div class=\"background-video-content\">\nEl contenido de tu Elemento aqu\u00ed.\n<\/div>\n\n\n<div class=\"gb-container gb-container-25b16727\">\n<div class=\"gb-container gb-container-23ed7c7e\">\n<div class=\"gb-container gb-container-123dfc85\">\n\n<h1 class=\"gb-headline gb-headline-464eca5a gb-headline-text\">Instalaci\u00f3n de placas solares en C\u00e1diz<\/h1>\n\n\n\n<script defer=\"defer\" async=\"\" src=\"https:\/\/cdn.trustindex.io\/loader.js?8c094e8393c46725f1960b95771\"><\/script>\n\n<\/div>\n\n<div class=\"gb-container gb-container-40f1a379\">\n\n<h1 class=\"gb-headline gb-headline-db6659ca gb-headline-text\">Instalaci\u00f3n de placas solares en Granada<\/h1>\n\n\n\n<script defer=\"defer\" async=\"\" src=\"https:\/\/cdn.trustindex.io\/loader.js?a933d2c42ab5535d8186242fbb3\"><\/script>\n\n<\/div>\n<\/div>\n<div class=\"gb-shapes\"><div class=\"gb-shape gb-shape-1\"><svg preserveAspectRatio=\"none\" viewBox=\"0 0 1200 350\" xmlns=\"http:\/\/www.w3.org\/2000\/svg\">\n  <defs>\n    \n    \n    <linearGradient y2=\"0%\" x2=\"0%\" y1=\"0%\" x1=\"100%\" id=\"myShapeGradient\">\n      \n      <stop stop-color=\"#052c64\" offset=\"0%\"><\/stop>\n      <stop stop-color=\"#5785e8\" offset=\"100%\"><\/stop>\n    <\/linearGradient>\n  <\/defs>\n\n  \n  <path d=\"M1200 350V0C22.4 60.3 0 336.7 0 336.7V350h1200z\" fill=\"url(#myShapeGradient)\"><\/path>\n<\/svg><\/div><\/div><\/div>\n<\/div>\n\n<div class=\"gb-container gb-container-c2f65c7c\">\n<div class=\"gb-container gb-container-c2f65c7c\">\n<div class=\"gb-container gb-container-80d2ee4b\">\n<div class=\"gb-grid-wrapper gb-grid-wrapper-baab2a8f\">\n<div class=\"gb-grid-column gb-grid-column-8afc3053\"><div class=\"gb-container gb-container-8afc3053\">\n\n<h3 class=\"gb-headline gb-headline-09f2d697 gb-headline-text\">Pedir presupuesto<\/h3>\n\n<\/div><\/div>\n\n<div class=\"gb-grid-column gb-grid-column-a3c60e8d\"><div class=\"gb-container gb-container-a3c60e8d\">\n\n<p class=\"gb-headline gb-headline-48782da1 gb-headline-text\">Los presupuestos incluyen una visita a domicilio sin compromiso, una inspecci\u00f3n con dron, un modelo de rendimiento en 3D, dos propuestas personalizadas y una estimaci\u00f3n del umbral de rentabilidad para cada una.<\/p>\n\n<\/div><\/div>\n\n<div class=\"gb-grid-column gb-grid-column-7ac5293f\"><div class=\"gb-container gb-container-7ac5293f\">\n\n<a class=\"gb-button gb-button-5cc3304f gb-button-text button-cta\" href=\"https:\/\/marblancsolar.com\/es\/pedir-presupuesto\/\">Pedir presupuesto<\/a>\n\n\n\n<p class=\"gb-headline gb-headline-6e999531 gb-headline-text\"><em>*El presupuesto incluye inspecci\u00f3n gratuita con dron, modelo 3D y <strong>estimaci\u00f3n del umbral de rentabilidad.<\/strong><\/em><\/p>\n\n<\/div><\/div>\n<\/div>\n<\/div>\n<\/div>\n<\/div>\n\n<section class=\"gb-container gb-container-562aef2a\">\n<div class=\"gb-container gb-container-8128fcd8\">\n<div class=\"gb-container gb-container-aad7b4c8\">\n\n<h2 class=\"gb-headline gb-headline-d3d7bfe7 gb-headline-text\">\u00bfPor qu\u00e9 elegir <mark style=\"background-color:rgba(0, 0, 0, 0)\" class=\"has-inline-color has-accent-color\">Marblanc Solar<\/mark> para tu Sistema de Energ\u00eda Solar en C\u00e1diz?<\/h2>\n\n<\/div>\n\n<div class=\"gb-container gb-container-876eb6e4\">\n\n<p class=\"gb-headline gb-headline-fdd1e650 gb-headline-text\"><a href=\"https:\/\/marblancsolar.com\/es\" title=\"Inicio\">Marblanc Solar<\/a> es una empresa instaladora de energ\u00eda solar con sede en la provincia de <a href=\"https:\/\/www.google.com\/maps\/place\/M%C3%A1laga\/@36.7181935,-4.531839,28582m\/data=!3m2!1e3!4b1!4m6!3m5!1s0xd7259c44fdb212d:0x6025dc92c9ca32cf!8m2!3d36.7178196!4d-4.425557!16s%2Fg%2F11b7c714d1?entry=ttu&amp;g_ep=EgoyMDI1MDcyMC4wIKXMDSoASAFQAw%3D%3D\" target=\"_blank\" rel=\"noopener\" title=\"\"><strong>M\u00e1laga<\/strong><\/a>. Hemos realizado instalaciones en C\u00e1diz, la tacita de plata, en la ciudad de &nbsp;<a href=\"https:\/\/marblancsolar.com\/es\/?page_id=6057\">Sotogrande<\/a><\/p>\n\n\n\n<p>Estamos orgullosos de ser el instalador solar mejor valorado de la Costa del Sol, con m\u00e1s de 70 <a href=\"https:\/\/maps.app.goo.gl\/6ynuXSvSAngRyetR7\" target=\"_blank\" rel=\"noopener\" title=\"\">opiniones de cinco estrellas<\/a> en Google.<\/p>\n\n\n\n<p class=\"gb-headline gb-headline-09e93f1f gb-headline-text\">Instalamos <a href=\"https:\/\/marblancsolar.com\/es\/servicios\/paneles-solares\/\" title=\"Paneles solares\">paneles solares<\/a>, <a href=\"https:\/\/marblancsolar.com\/es\/servicios\/baterias-solares\/\" title=\"Bater\u00eda solar\">bater\u00edas solares<\/a> e inversores solares, y te ayudamos a cambiar a una nueva tarifa de alimentaci\u00f3n con una <a href=\"https:\/\/marblancsolar.com\/es\/servicios\/bateria-virtual\/\" title=\"Bater\u00eda virtual\">bater\u00eda virtual<\/a>. Como parte de nuestros servicios de <a href=\"https:\/\/marblancsolar.com\/es\/servicios\/servicios-posventa\/\" title=\"Asistencia posterior a la instalaci\u00f3n\">asistencia posterior a la instalaci\u00f3n <\/a>, te ayudamos a configurar temporizadores de enchufe y circuitos optimizados para reducir al m\u00e1ximo tu consumo de red.   <\/p>\n\n\n\n<p class=\"gb-headline gb-headline-e73dfcda gb-headline-text\">A continuaci\u00f3n puedes ver una selecci\u00f3n de nuestras \u00faltimas instalaciones solares en C\u00e1diz.<\/p>\n\n<\/div>\n<\/div>\n<\/section>\n\n<div class=\"gb-container gb-container-d10517aa\">\n<div class=\"gb-container gb-container-037f8664\">\n<div class=\"gb-container gb-container-445a532b\">\n<div class=\"gb-container gb-container-4df732dc\">\n\n<iframe src=\"https:\/\/www.google.com\/maps\/embed?pb=!1m18!1m12!1m3!1d51307.02771742467!2d-6.273331154428336!3d36.513363101765925!2m3!1f0!2f0!3f0!3m2!1i1024!2i768!4f13.1!3m3!1m2!1s0xd0dd25724ec240f%3A0x40463fd8ca03b00!2zQ8OhZGl6!5e0!3m2!1ses!2ses!4v1772787363448!5m2!1ses!2ses\" width=\"900\" height=\"450\" style=\"border:0;\" allowfullscreen=\"\" loading=\"lazy\" referrerpolicy=\"no-referrer-when-downgrade\"><\/iframe>\n\n<\/div>\n<\/div>\n<\/div>\n<\/div>\n\n<div class=\"gb-container gb-container-d94bcf3e\">\n<div class=\"gb-container gb-container-f986c0d8\">\n<div class=\"gb-container gb-container-d79a9457\">\n<div class=\"gb-container gb-container-ec379ab9\">\n\n<iframe src=\"https:\/\/www.google.com\/maps\/embed?pb=!1m18!1m12!1m3!1d51307.02771742467!2d-6.273331154428336!3d36.513363101765925!2m3!1f0!2f0!3f0!3m2!1i1024!2i768!4f13.1!3m3!1m2!1s0xd0dd25724ec240f%3A0x40463fd8ca03b00!2zQ8OhZGl6!5e0!3m2!1ses!2ses!4v1772787363448!5m2!1ses!2ses\" width=\"400\" height=\"300\" style=\"border:0;\" allowfullscreen=\"\" loading=\"lazy\" referrerpolicy=\"no-referrer-when-downgrade\"><\/iframe>\n\n<\/div>\n<\/div>\n<\/div>\n<\/div>\n\n<div class=\"gb-container gb-container-c6765599\">\n<div class=\"gb-container gb-container-3b9f5694\">\n<div class=\"gb-container gb-container-04c73d89\">\n\n<h2 class=\"gb-headline gb-headline-9f18569e gb-headline-text\">Consulta nuestras \u00faltimas instalaciones solares en C\u00e1diz<\/h2>\n\n<\/div>\n\n<div class=\"gb-container gb-container-240ee1e7\">\n\n<p class=\"gb-headline gb-headline-a83e6c06 gb-headline-text\">A continuaci\u00f3n encontrar\u00e1s una selecci\u00f3n de instalaciones recientes de paneles solares en el \u00e1rea metropolitana <strong>de C\u00e1diz <\/strong>.<\/p>\n\n\n\n<p class=\"gb-headline gb-headline-1dcf1e97 gb-headline-text\">Tambi\u00e9n instalamos paneles solares en otras zonas de la Costa del Sol, como <a href=\"https:\/\/marblancsolar.com\/es\/?page_id=4638\" title=\"M\u00e1laga\">M\u00e1laga <\/a>o <a href=\"https:\/\/marblancsolar.com\/es\/instalaciones-fotovoltaicas\/granada\/\" title=\"Granada\">Granada<\/a>. Para ver m\u00e1s proyectos, visita nuestra <a href=\"https:\/\/marblancsolar.com\/es\/instalaciones-fotovoltaicas\/\"><strong>Instalaciones<\/strong><\/a> p\u00e1gina.<\/p>\n\n<\/div>\n<\/div>\n<\/div>\n\n\n<div class=\"gb-element-a56eaf05\">\n<h3 class=\"gb-headline gb-headline-c14f72cd gb-headline-text\">Instalaciones solares seleccionadas en C\u00e1diz<\/h3>\n\n\n\n<div class=\"gb-query-de7f5923\"><div class=\"gb-looper-5a495373\">\n<div class=\"gb-loop-item post-7749 solar-installations type-solar-installations status-publish hentry installation-locations-sotogrande\">\n<a class=\"gb-element-72729cd5 gallery-item\" href=\"https:\/\/marblancsolar.com\/es\/instalacion-solar\/instalacion-residencial-de-paneles-solares-en-sotogrande-san-roque\/\">\n\n\n<div class=\"gb-element-e8965985\">\n<h4 class=\"gb-text gb-text-41f8fe0e\">15 Paneles Solares en Sotogrande, San Roque<\/h4>\n<\/div>\n<\/a>\n<\/div>\n<\/div><\/div>\n<\/div>\n\n\n\n<p><\/p>\n","protected":false},"excerpt":{"rendered":"<p>El contenido de tu Elemento aqu\u00ed. Instalaci\u00f3n de placas solares en C\u00e1diz Instalaci\u00f3n de placas solares en Granada \u00bfPor qu\u00e9 elegir Marblanc Solar para tu Sistema de Energ\u00eda Solar en C\u00e1diz? Marblanc Solar es una empresa instaladora de energ\u00eda solar con sede en la provincia de M\u00e1laga. Hemos realizado instalaciones en C\u00e1diz, la tacita de &#8230; <a title=\"C\u00e1diz\" class=\"read-more\" href=\"https:\/\/marblancsolar.com\/es\/instalaciones-fotovoltaicas\/cadiz\/\" aria-label=\"Leer m\u00e1s sobre C\u00e1diz\">Leer m\u00e1s<\/a><\/p>\n","protected":false},"author":12,"featured_media":0,"parent":1073,"menu_order":0,"comment_status":"closed","ping_status":"closed","template":"","meta":{"_acf_changed":false,"footnotes":""},"class_list":["post-7574","page","type-page","status-publish"],"acf":[],"aioseo_notices":[],"_links":{"self":[{"href":"https:\/\/marblancsolar.com\/es\/wp-json\/wp\/v2\/pages\/7574","targetHints":{"allow":["GET"]}}],"collection":[{"href":"https:\/\/marblancsolar.com\/es\/wp-json\/wp\/v2\/pages"}],"about":[{"href":"https:\/\/marblancsolar.com\/es\/wp-json\/wp\/v2\/types\/page"}],"author":[{"embeddable":true,"href":"https:\/\/marblancsolar.com\/es\/wp-json\/wp\/v2\/users\/12"}],"replies":[{"embeddable":true,"href":"https:\/\/marblancsolar.com\/es\/wp-json\/wp\/v2\/comments?post=7574"}],"version-history":[{"count":7,"href":"https:\/\/marblancsolar.com\/es\/wp-json\/wp\/v2\/pages\/7574\/revisions"}],"predecessor-version":[{"id":8074,"href":"https:\/\/marblancsolar.com\/es\/wp-json\/wp\/v2\/pages\/7574\/revisions\/8074"}],"up":[{"embeddable":true,"href":"https:\/\/marblancsolar.com\/es\/wp-json\/wp\/v2\/pages\/1073"}],"wp:attachment":[{"href":"https:\/\/marblancsolar.com\/es\/wp-json\/wp\/v2\/media?parent=7574"}],"curies":[{"name":"wp","href":"https:\/\/api.w.org\/{rel}","templated":true}]}}